{"id":5775,"date":"2015-07-14T13:09:03","date_gmt":"2015-07-14T11:09:03","guid":{"rendered":"https:\/\/conform.it\/en\/eurmoda\/"},"modified":"2023-07-26T12:06:36","modified_gmt":"2023-07-26T10:06:36","slug":"eurmoda","status":"publish","type":"page","link":"https:\/\/conform.it\/en\/international-projects\/eurmoda\/","title":{"rendered":"EURMODA"},"content":{"rendered":"<div class=\"wpb-content-wrapper\"><p>[vc_row full_width=&#8221;&#8221; css=&#8221;.vc_custom_1428421429457{margin-top: 0px !important;margin-right: 0px !important;margin-bottom: 50px !important;margin-left: 0px !important;padding-top: 0px !important;padding-right: 0px !important;padding-bottom: 0px !important;padding-left: 0px !important;}&#8221; alt_color=&#8221;&#8221; alt_bg_color=&#8221;&#8221; parallax=&#8221;&#8221; full_screen=&#8221;&#8221; mask_style=&#8221;50&#8243;][vc_column width=&#8221;1\/1&#8243; css=&#8221;.vc_custom_1430155165669{margin-left: 0px !important;padding-left: 0px !important;}&#8221; alt_color=&#8221;&#8221; alt_bg_color=&#8221;&#8221;][vc_raw_js]JTNDYSUyMHN0eWxlJTNEJTIyZm9udC1zaXplJTNBMTRweCUzQiUyMiUyMGhyZWYlM0QlMjJqYXZhc2NyaXB0JTNBaGlzdG9yeS5nbyUyOC0xJTI5JTIyJTIwb25Nb3VzZU92ZXIlM0QlMjJzZWxmLnN0YXR1cyUzRGRvY3VtZW50LnJlZmVycmVyJTNCcmV0dXJuJTIwdHJ1ZSUyMiUzRSUzQ2klMjBjbGFzcyUzRCUyMmZhJTIwZmEtY2hldnJvbi1sZWZ0JTIyJTNFJTNDJTJGaSUzRSUyMEdvJTIwYmFjayUzQyUyRmElM0U=[\/vc_raw_js][\/vc_column][\/vc_row][vc_row][vc_column width=&#8221;1\/2&#8243;][vc_column_text]<\/p>\n<p style=\"text-align: justify;\">The project focuses on developing and increasing the skills of professionals working in the fashion and textile fields, providing innovative solutions to fulfil vocational training needs by developing the competence maps of the following key profiles of the textile industry:<\/p>\n<ul style=\"text-align: justify;\">\n<li><strong>the fashion designer<\/strong><\/li>\n<li><strong>quality controller<\/strong><\/li>\n<\/ul>\n<div style=\"text-align: justify;\"><\/div>\n<div style=\"text-align: justify;\">This objective is pursued by creating a prototype to design training courses, specifically tailored to the needs of companies and based on developing sector technical skills.<\/div>\n<div style=\"text-align: justify;\"><\/div>\n<div style=\"text-align: justify;\"><strong><em>Creativity, innovation, professionalism, passion and change<\/em><\/strong>, are the values that define the strategic lines of the fashion industry. The EurModa is founded on these traits.<\/div>\n<p>[\/vc_column_text][\/vc_column][vc_column width=&#8221;1\/2&#8243;][vc_single_image image=&#8221;23284&#8243; img_size=&#8221;full&#8221; img_link_large=&#8221;&#8221; img_link_target=&#8221;prettyphoto&#8221; alignment=&#8221;center&#8221;][vc_button2 title=&#8221;WEBSITE&#8221; align=&#8221;center&#8221; style=&#8221;outlined&#8221; color=&#8221;blue&#8221; size=&#8221;md&#8221; link=&#8221;url:http%3A%2F%2Feurmoda.asecom.org%2F||target:%20_blank&#8221;][\/vc_column][\/vc_row][vc_row][vc_column width=&#8221;1\/1&#8243;][vc_tabs interval=&#8221;0&#8243;][vc_tab title=&#8221;Scheda 1&#8243; tab_id=&#8221;1427449102734-2&#8243; mode=&#8221;icon&#8221; icon=&#8221;fa fa-file-pdf-o&#8221;][vc_row_inner][vc_column_inner width=&#8221;1\/1&#8243;][vc_column_text]<\/p>\n<h3><a href=\"http:\/\/wordpress.conform.it\/wp-content\/uploads\/2015\/04\/Brochure_EurModa.pdf\" target=\"_blank\" rel=\"noopener\">DOWNLOAD THE BROCHURE IN PDF FORMAT<\/a><\/h3>\n<p>[\/vc_column_text][\/vc_column_inner][\/vc_row_inner][\/vc_tab][vc_tab title=&#8221;Scheda 2&#8243; tab_id=&#8221;1427449102878-5&#8243; mode=&#8221;icon&#8221; icon=&#8221;fa fa-file-text&#8221;][vc_row_inner][vc_column_inner width=&#8221;1\/1&#8243;][vc_column_text]<\/p>\n<h3>REFERENCE PROGRAMME<\/h3>\n<p style=\"text-align: justify;\"><span style=\"color: #000000;\">Project promoted by <strong><em>ASECOM <\/em><\/strong>for <strong>LLP Leonardo da Vinci programme -TOI<\/strong>, , I.D. code 2011-1-ES1-LEO05-35981<\/span><\/p>\n<p>[\/vc_column_text][\/vc_column_inner][\/vc_row_inner][\/vc_tab][vc_tab title=&#8221;Scheda&#8221; tab_id=&#8221;1427449206448-2-0&#8243; mode=&#8221;icon&#8221; icon=&#8221;fa fa-users&#8221;][vc_row_inner][vc_column_inner width=&#8221;1\/1&#8243;][vc_column_text]<\/p>\n<h3 align=\"left\">NATIONAL AND INTERNATIONAL PARTNERS<\/h3>\n<p><strong>Asecom<\/strong> (ES)<\/p>\n<p><strong>EUFOR<\/strong> (ES)<\/p>\n<p><strong>CIFESAL<\/strong> Centro de Investigaci\u00f3n y Formaci\u00f3n de Empresas, S. A. L (ES)<\/p>\n<p><strong>Associa\u00e7\u00e3o T\u00eaxtil e Vestu\u00e1rio de Portugal<\/strong> &#8211; ATP (PT)<\/p>\n<p><strong>Pamesa<\/strong> (PT)<\/p>\n<p><strong>Petroc<\/strong> (UK)<\/p>\n<p><strong>Conform <\/strong>&#8211; Consulenza Formazione e Management S.c.a.r.l. (IT)<\/p>\n<p><strong>ATOK <\/strong>&#8211; Association of textile, clothing and leather industry (CZ)<\/p>\n<p><a href=\"http:\/\/eurmoda.asecom.org\/index.php?option=com_content&amp;view=category&amp;layout=blog&amp;id=39&amp;Itemid=53&amp;lang=it\" target=\"_blank\" rel=\"noopener\">For further information please click here<\/a>[\/vc_column_text][\/vc_column_inner][\/vc_row_inner][\/vc_tab][vc_tab title=&#8221;Scheda&#8221; tab_id=&#8221;1427449283262-3-7&#8243; mode=&#8221;icon&#8221; icon=&#8221;fa fa-desktop&#8221;][vc_row_inner][vc_column_inner width=&#8221;1\/1&#8243;][vc_column_text]<\/p>\n<h3 style=\"text-align: justify;\">Learning environment<\/h3>\n<div class=\"toggle_container\" style=\"text-align: justify;\">\n<div class=\"block\">\n<p>The EURMODA project learning environment aims to contextualize learning, with examples and cases based on the specific operational context of the reference sector, pinpointing situations that one can relate to.<\/p>\n<p>The environment is a design prototype of training programs tailored to meet the technical skill development needs of professionals working in the fashion and textile fields. It has two virtual areas dedicated to:<\/p>\n<ul>\n<li><strong>Fashion Designers<\/strong><\/li>\n<li><strong>Quality Controllers<\/strong>.<\/li>\n<\/ul>\n<p>Both areas allow access to printed and multimedia learning objects sought and\/or developed by the partners and based on the Competence Dictionaries of the &#8220;Fashion Designer&#8221; and &#8220;Quality Controller&#8221;.<\/p>\n<p>To view the EURMODA environment please go to: <a href=\"http:\/\/www.eurmoda.conform.it\/#\" target=\"_blank\" rel=\"noopener\">www.eurmoda.conform.it<\/a><\/p>\n<\/div>\n<\/div>\n<p>[\/vc_column_text][\/vc_column_inner][\/vc_row_inner][\/vc_tab][vc_tab title=&#8221;Scheda&#8221; tab_id=&#8221;1428425114904-5-8&#8243; mode=&#8221;icon&#8221; icon=&#8221;fa fa-newspaper-o&#8221;][vc_row_inner][vc_column_inner width=&#8221;1\/1&#8243;][vc_column_text]<\/p>\n<div class=\"toggle_container\">\n<div class=\"block\">\n<h3 style=\"text-align: justify;\">EZINE<\/h3>\n<p style=\"text-align: justify;\">An Ezine that contains, for each partner country, information, documents, videos, animations and audiovisual learning objects, organized in various sections of the learning environment: testimonials, best practices, video library and fashion bloggers.<\/p>\n<p style=\"text-align: justify;\">To view the EURMODA Ezine, please go to: <span style=\"color: #2c4983;\"><a style=\"color: #2c4983;\" href=\"http:\/\/www.eurmoda.conform.it\/\" target=\"_blank\" rel=\"noopener\">www.eurmoda.conform.it<\/a><\/span><\/p>\n<\/div>\n<\/div>\n<p>[\/vc_column_text][\/vc_column_inner][\/vc_row_inner][\/vc_tab][vc_tab title=&#8221;Scheda&#8221; tab_id=&#8221;1427987679311-4-0&#8243; mode=&#8221;icon&#8221; icon=&#8221;fa fa-cubes&#8221;][vc_row_inner][vc_column_inner width=&#8221;1\/1&#8243;][vc_column_text]<\/p>\n<h3 style=\"text-align: justify;\">PRODUCTS<\/h3>\n<p style=\"text-align: justify;\"><span style=\"color: #000000;\">Some of the products developed for the EURMODA project, can be found in the relevant section of the website and downloaded in pdf format.<\/span><\/p>\n<p>[\/vc_column_text][vc_column_text]<span style=\"color: #2c4983;\"><a style=\"color: #2c4983;\" href=\"http:\/\/www.eurmoda.eu\/index.php?option=com_content&amp;view=article&amp;id=70&amp;Itemid=65&amp;lang=it\" target=\"_blank\" rel=\"noopener\">Click here to view products developed to date<\/a><\/span>[\/vc_column_text][\/vc_column_inner][\/vc_row_inner][\/vc_tab][\/vc_tabs][\/vc_column][\/vc_row]<\/p>\n<\/div>","protected":false},"excerpt":{"rendered":"<p>[vc_row full_width=&#8221;&#8221; css=&#8221;.vc_custom_1428421429457{margin-top: 0px !important;margin-right: 0px !important;margin-bottom: 50px !important;margin-left: 0px !important;padding-top: 0px !important;padding-right: 0px !important;padding-bottom: 0px !important;padding-left: 0px !important;}&#8221; alt_color=&#8221;&#8221; alt_bg_color=&#8221;&#8221; parallax=&#8221;&#8221; full_screen=&#8221;&#8221; mask_style=&#8221;50&#8243;][vc_column width=&#8221;1\/1&#8243; css=&#8221;.vc_custom_1430155165669{margin-left: 0px !important;padding-left: 0px !important;}&#8221; alt_color=&#8221;&#8221; alt_bg_color=&#8221;&#8221;][vc_raw_js]JTNDYSUyMHN0eWxlJTNEJTIyZm9udC1zaXplJTNBMTRweCUzQiUyMiUyMGhyZWYlM0QlMjJqYXZhc2NyaXB0JTNBaGlzdG9yeS5nbyUyOC0xJTI5JTIyJTIwb25Nb3VzZU92ZXIlM0QlMjJzZWxmLnN0YXR1cyUzRGRvY3VtZW50LnJlZmVycmVyJTNCcmV0dXJuJTIwdHJ1ZSUyMiUzRSUzQ2klMjBjbGFzcyUzRCUyMmZhJTIwZmEtY2hldnJvbi1sZWZ0JTIyJTNFJTNDJTJGaSUzRSUyMEdvJTIwYmFjayUzQyUyRmElM0U=[\/vc_raw_js][\/vc_column][\/vc_row][vc_row][vc_column width=&#8221;1\/2&#8243;][vc_column_text] The project focuses on developing and increasing the skills of professionals working in the fashion and textile fields, providing innovative solutions to [&hellip;]<\/p>\n","protected":false},"author":1,"featured_media":5976,"parent":26237,"menu_order":0,"comment_status":"closed","ping_status":"closed","template":"full-width.php","meta":{"_acf_changed":false,"footnotes":""},"class_list":["post-5775","page","type-page","status-publish","has-post-thumbnail","hentry"],"acf":[],"yoast_head":"<!-- This site is optimized with the Yoast SEO plugin v27.4 - https:\/\/yoast.com\/product\/yoast-seo-wordpress\/ -->\n<title>EURMODA - CONFORM<\/title>\n<meta name=\"robots\" content=\"index, follow, max-snippet:-1, max-image-preview:large, max-video-preview:-1\" \/>\n<link rel=\"canonical\" href=\"https:\/\/conform.it\/en\/international-projects\/eurmoda\/\" \/>\n<meta property=\"og:locale\" content=\"en_US\" \/>\n<meta property=\"og:type\" content=\"article\" \/>\n<meta property=\"og:title\" content=\"EURMODA - CONFORM\" \/>\n<meta property=\"og:description\" content=\"[vc_row full_width=&#8221;&#8221; css=&#8221;.vc_custom_1428421429457{margin-top: 0px !important;margin-right: 0px !important;margin-bottom: 50px !important;margin-left: 0px !important;padding-top: 0px !important;padding-right: 0px !important;padding-bottom: 0px !important;padding-left: 0px !important;}&#8221; alt_color=&#8221;&#8221; alt_bg_color=&#8221;&#8221; parallax=&#8221;&#8221; full_screen=&#8221;&#8221; mask_style=&#8221;50&#8243;][vc_column width=&#8221;1\/1&#8243; css=&#8221;.vc_custom_1430155165669{margin-left: 0px !important;padding-left: 0px !important;}&#8221; alt_color=&#8221;&#8221; alt_bg_color=&#8221;&#8221;][vc_raw_js]JTNDYSUyMHN0eWxlJTNEJTIyZm9udC1zaXplJTNBMTRweCUzQiUyMiUyMGhyZWYlM0QlMjJqYXZhc2NyaXB0JTNBaGlzdG9yeS5nbyUyOC0xJTI5JTIyJTIwb25Nb3VzZU92ZXIlM0QlMjJzZWxmLnN0YXR1cyUzRGRvY3VtZW50LnJlZmVycmVyJTNCcmV0dXJuJTIwdHJ1ZSUyMiUzRSUzQ2klMjBjbGFzcyUzRCUyMmZhJTIwZmEtY2hldnJvbi1sZWZ0JTIyJTNFJTNDJTJGaSUzRSUyMEdvJTIwYmFjayUzQyUyRmElM0U=[\/vc_raw_js][\/vc_column][\/vc_row][vc_row][vc_column width=&#8221;1\/2&#8243;][vc_column_text] The project focuses on developing and increasing the skills of professionals working in the fashion and textile fields, providing innovative solutions to [&hellip;]\" \/>\n<meta property=\"og:url\" content=\"https:\/\/conform.it\/en\/international-projects\/eurmoda\/\" \/>\n<meta property=\"og:site_name\" content=\"CONFORM\" \/>\n<meta property=\"article:modified_time\" content=\"2023-07-26T10:06:36+00:00\" \/>\n<meta property=\"og:image\" content=\"https:\/\/conform.it\/wp-content\/uploads\/2015\/02\/EURMODA.jpg\" \/>\n\t<meta property=\"og:image:width\" content=\"400\" \/>\n\t<meta property=\"og:image:height\" content=\"400\" \/>\n\t<meta property=\"og:image:type\" content=\"image\/jpeg\" \/>\n<meta name=\"twitter:card\" content=\"summary_large_image\" \/>\n<meta name=\"twitter:label1\" content=\"Est. reading time\" \/>\n\t<meta name=\"twitter:data1\" content=\"3 minutes\" \/>\n<script type=\"application\/ld+json\" class=\"yoast-schema-graph\">{\"@context\":\"https:\\\/\\\/schema.org\",\"@graph\":[{\"@type\":\"WebPage\",\"@id\":\"https:\\\/\\\/conform.it\\\/en\\\/international-projects\\\/eurmoda\\\/\",\"url\":\"https:\\\/\\\/conform.it\\\/en\\\/international-projects\\\/eurmoda\\\/\",\"name\":\"EURMODA - CONFORM\",\"isPartOf\":{\"@id\":\"https:\\\/\\\/conform.it\\\/#website\"},\"primaryImageOfPage\":{\"@id\":\"https:\\\/\\\/conform.it\\\/en\\\/international-projects\\\/eurmoda\\\/#primaryimage\"},\"image\":{\"@id\":\"https:\\\/\\\/conform.it\\\/en\\\/international-projects\\\/eurmoda\\\/#primaryimage\"},\"thumbnailUrl\":\"https:\\\/\\\/conform.it\\\/wp-content\\\/uploads\\\/2015\\\/02\\\/EURMODA.jpg\",\"datePublished\":\"2015-07-14T11:09:03+00:00\",\"dateModified\":\"2023-07-26T10:06:36+00:00\",\"breadcrumb\":{\"@id\":\"https:\\\/\\\/conform.it\\\/en\\\/international-projects\\\/eurmoda\\\/#breadcrumb\"},\"inLanguage\":\"en-US\",\"potentialAction\":[{\"@type\":\"ReadAction\",\"target\":[\"https:\\\/\\\/conform.it\\\/en\\\/international-projects\\\/eurmoda\\\/\"]}]},{\"@type\":\"ImageObject\",\"inLanguage\":\"en-US\",\"@id\":\"https:\\\/\\\/conform.it\\\/en\\\/international-projects\\\/eurmoda\\\/#primaryimage\",\"url\":\"https:\\\/\\\/conform.it\\\/wp-content\\\/uploads\\\/2015\\\/02\\\/EURMODA.jpg\",\"contentUrl\":\"https:\\\/\\\/conform.it\\\/wp-content\\\/uploads\\\/2015\\\/02\\\/EURMODA.jpg\",\"width\":400,\"height\":400,\"caption\":\"eurmoda\"},{\"@type\":\"BreadcrumbList\",\"@id\":\"https:\\\/\\\/conform.it\\\/en\\\/international-projects\\\/eurmoda\\\/#breadcrumb\",\"itemListElement\":[{\"@type\":\"ListItem\",\"position\":1,\"name\":\"Home\",\"item\":\"https:\\\/\\\/conform.it\\\/en\\\/\"},{\"@type\":\"ListItem\",\"position\":2,\"name\":\"INTERNATIONAL PROJECTS\",\"item\":\"https:\\\/\\\/conform.it\\\/en\\\/international-projects\\\/\"},{\"@type\":\"ListItem\",\"position\":3,\"name\":\"EURMODA\"}]},{\"@type\":\"WebSite\",\"@id\":\"https:\\\/\\\/conform.it\\\/#website\",\"url\":\"https:\\\/\\\/conform.it\\\/\",\"name\":\"CONFORM\",\"description\":\"Consulenza formazione e management S.c.a.r.l.\",\"publisher\":{\"@id\":\"https:\\\/\\\/conform.it\\\/#organization\"},\"potentialAction\":[{\"@type\":\"SearchAction\",\"target\":{\"@type\":\"EntryPoint\",\"urlTemplate\":\"https:\\\/\\\/conform.it\\\/?s={search_term_string}\"},\"query-input\":{\"@type\":\"PropertyValueSpecification\",\"valueRequired\":true,\"valueName\":\"search_term_string\"}}],\"inLanguage\":\"en-US\"},{\"@type\":\"Organization\",\"@id\":\"https:\\\/\\\/conform.it\\\/#organization\",\"name\":\"CONFORM - Consulenza Formazione e Management S.c.a.r.l.\",\"url\":\"https:\\\/\\\/conform.it\\\/\",\"logo\":{\"@type\":\"ImageObject\",\"inLanguage\":\"en-US\",\"@id\":\"https:\\\/\\\/conform.it\\\/#\\\/schema\\\/logo\\\/image\\\/\",\"url\":\"https:\\\/\\\/conform.it\\\/wp-content\\\/uploads\\\/2015\\\/02\\\/logo-conform-sticky-retina.png\",\"contentUrl\":\"https:\\\/\\\/conform.it\\\/wp-content\\\/uploads\\\/2015\\\/02\\\/logo-conform-sticky-retina.png\",\"width\":189,\"height\":64,\"caption\":\"CONFORM - Consulenza Formazione e Management S.c.a.r.l.\"},\"image\":{\"@id\":\"https:\\\/\\\/conform.it\\\/#\\\/schema\\\/logo\\\/image\\\/\"}}]}<\/script>\n<!-- \/ Yoast SEO plugin. -->","yoast_head_json":{"title":"EURMODA - CONFORM","robots":{"index":"index","follow":"follow","max-snippet":"max-snippet:-1","max-image-preview":"max-image-preview:large","max-video-preview":"max-video-preview:-1"},"canonical":"https:\/\/conform.it\/en\/international-projects\/eurmoda\/","og_locale":"en_US","og_type":"article","og_title":"EURMODA - CONFORM","og_description":"[vc_row full_width=&#8221;&#8221; css=&#8221;.vc_custom_1428421429457{margin-top: 0px !important;margin-right: 0px !important;margin-bottom: 50px !important;margin-left: 0px !important;padding-top: 0px !important;padding-right: 0px !important;padding-bottom: 0px !important;padding-left: 0px !important;}&#8221; alt_color=&#8221;&#8221; alt_bg_color=&#8221;&#8221; parallax=&#8221;&#8221; full_screen=&#8221;&#8221; mask_style=&#8221;50&#8243;][vc_column width=&#8221;1\/1&#8243; css=&#8221;.vc_custom_1430155165669{margin-left: 0px !important;padding-left: 0px !important;}&#8221; alt_color=&#8221;&#8221; alt_bg_color=&#8221;&#8221;][vc_raw_js]JTNDYSUyMHN0eWxlJTNEJTIyZm9udC1zaXplJTNBMTRweCUzQiUyMiUyMGhyZWYlM0QlMjJqYXZhc2NyaXB0JTNBaGlzdG9yeS5nbyUyOC0xJTI5JTIyJTIwb25Nb3VzZU92ZXIlM0QlMjJzZWxmLnN0YXR1cyUzRGRvY3VtZW50LnJlZmVycmVyJTNCcmV0dXJuJTIwdHJ1ZSUyMiUzRSUzQ2klMjBjbGFzcyUzRCUyMmZhJTIwZmEtY2hldnJvbi1sZWZ0JTIyJTNFJTNDJTJGaSUzRSUyMEdvJTIwYmFjayUzQyUyRmElM0U=[\/vc_raw_js][\/vc_column][\/vc_row][vc_row][vc_column width=&#8221;1\/2&#8243;][vc_column_text] The project focuses on developing and increasing the skills of professionals working in the fashion and textile fields, providing innovative solutions to [&hellip;]","og_url":"https:\/\/conform.it\/en\/international-projects\/eurmoda\/","og_site_name":"CONFORM","article_modified_time":"2023-07-26T10:06:36+00:00","og_image":[{"width":400,"height":400,"url":"https:\/\/conform.it\/wp-content\/uploads\/2015\/02\/EURMODA.jpg","type":"image\/jpeg"}],"twitter_card":"summary_large_image","twitter_misc":{"Est. reading time":"3 minutes"},"schema":{"@context":"https:\/\/schema.org","@graph":[{"@type":"WebPage","@id":"https:\/\/conform.it\/en\/international-projects\/eurmoda\/","url":"https:\/\/conform.it\/en\/international-projects\/eurmoda\/","name":"EURMODA - CONFORM","isPartOf":{"@id":"https:\/\/conform.it\/#website"},"primaryImageOfPage":{"@id":"https:\/\/conform.it\/en\/international-projects\/eurmoda\/#primaryimage"},"image":{"@id":"https:\/\/conform.it\/en\/international-projects\/eurmoda\/#primaryimage"},"thumbnailUrl":"https:\/\/conform.it\/wp-content\/uploads\/2015\/02\/EURMODA.jpg","datePublished":"2015-07-14T11:09:03+00:00","dateModified":"2023-07-26T10:06:36+00:00","breadcrumb":{"@id":"https:\/\/conform.it\/en\/international-projects\/eurmoda\/#breadcrumb"},"inLanguage":"en-US","potentialAction":[{"@type":"ReadAction","target":["https:\/\/conform.it\/en\/international-projects\/eurmoda\/"]}]},{"@type":"ImageObject","inLanguage":"en-US","@id":"https:\/\/conform.it\/en\/international-projects\/eurmoda\/#primaryimage","url":"https:\/\/conform.it\/wp-content\/uploads\/2015\/02\/EURMODA.jpg","contentUrl":"https:\/\/conform.it\/wp-content\/uploads\/2015\/02\/EURMODA.jpg","width":400,"height":400,"caption":"eurmoda"},{"@type":"BreadcrumbList","@id":"https:\/\/conform.it\/en\/international-projects\/eurmoda\/#breadcrumb","itemListElement":[{"@type":"ListItem","position":1,"name":"Home","item":"https:\/\/conform.it\/en\/"},{"@type":"ListItem","position":2,"name":"INTERNATIONAL PROJECTS","item":"https:\/\/conform.it\/en\/international-projects\/"},{"@type":"ListItem","position":3,"name":"EURMODA"}]},{"@type":"WebSite","@id":"https:\/\/conform.it\/#website","url":"https:\/\/conform.it\/","name":"CONFORM","description":"Consulenza formazione e management S.c.a.r.l.","publisher":{"@id":"https:\/\/conform.it\/#organization"},"potentialAction":[{"@type":"SearchAction","target":{"@type":"EntryPoint","urlTemplate":"https:\/\/conform.it\/?s={search_term_string}"},"query-input":{"@type":"PropertyValueSpecification","valueRequired":true,"valueName":"search_term_string"}}],"inLanguage":"en-US"},{"@type":"Organization","@id":"https:\/\/conform.it\/#organization","name":"CONFORM - Consulenza Formazione e Management S.c.a.r.l.","url":"https:\/\/conform.it\/","logo":{"@type":"ImageObject","inLanguage":"en-US","@id":"https:\/\/conform.it\/#\/schema\/logo\/image\/","url":"https:\/\/conform.it\/wp-content\/uploads\/2015\/02\/logo-conform-sticky-retina.png","contentUrl":"https:\/\/conform.it\/wp-content\/uploads\/2015\/02\/logo-conform-sticky-retina.png","width":189,"height":64,"caption":"CONFORM - Consulenza Formazione e Management S.c.a.r.l."},"image":{"@id":"https:\/\/conform.it\/#\/schema\/logo\/image\/"}}]}},"_links":{"self":[{"href":"https:\/\/conform.it\/en\/wp-json\/wp\/v2\/pages\/5775","targetHints":{"allow":["GET"]}}],"collection":[{"href":"https:\/\/conform.it\/en\/wp-json\/wp\/v2\/pages"}],"about":[{"href":"https:\/\/conform.it\/en\/wp-json\/wp\/v2\/types\/page"}],"author":[{"embeddable":true,"href":"https:\/\/conform.it\/en\/wp-json\/wp\/v2\/users\/1"}],"replies":[{"embeddable":true,"href":"https:\/\/conform.it\/en\/wp-json\/wp\/v2\/comments?post=5775"}],"version-history":[{"count":2,"href":"https:\/\/conform.it\/en\/wp-json\/wp\/v2\/pages\/5775\/revisions"}],"predecessor-version":[{"id":26267,"href":"https:\/\/conform.it\/en\/wp-json\/wp\/v2\/pages\/5775\/revisions\/26267"}],"up":[{"embeddable":true,"href":"https:\/\/conform.it\/en\/wp-json\/wp\/v2\/pages\/26237"}],"wp:featuredmedia":[{"embeddable":true,"href":"https:\/\/conform.it\/en\/wp-json\/wp\/v2\/media\/5976"}],"wp:attachment":[{"href":"https:\/\/conform.it\/en\/wp-json\/wp\/v2\/media?parent=5775"}],"curies":[{"name":"wp","href":"https:\/\/api.w.org\/{rel}","templated":true}]}}