{"id":25547,"date":"2022-11-01T17:21:24","date_gmt":"2022-11-01T16:21:24","guid":{"rendered":"https:\/\/conform.it\/?page_id=25547"},"modified":"2023-07-26T16:55:39","modified_gmt":"2023-07-26T14:55:39","slug":"modisto","status":"publish","type":"page","link":"https:\/\/conform.it\/en\/international-projects\/modisto\/","title":{"rendered":"MODISTO"},"content":{"rendered":"<div class=\"wpb-content-wrapper\"><p>[vc_row css=&#8221;.vc_custom_1576492951164{margin-top: 0px !important;margin-bottom: 0px !important;}&#8221;][vc_column][vc_column_text css=&#8221;.vc_custom_1667319236145{margin-bottom: 15px !important;}&#8221;]<\/p>\n<h6 style=\"text-align: center;\"><a href=\"https:\/\/conform.it\/progetti-internazionali\/\">INTERNATIONAL PROJECT<\/a><\/h6>\n<p>[\/vc_column_text][vc_column_text css=&#8221;.vc_custom_1638100642998{margin-bottom: 0px !important;}&#8221;]<\/p>\n<div class=\"heading title-2 text-center\">\n<h2><span class=\"highlight\">MODISTO<\/span><\/h2>\n<\/div>\n<p>[\/vc_column_text][\/vc_column][\/vc_row][vc_row css=&#8221;.vc_custom_1585239581086{margin-top: 0px !important;margin-bottom: 0px !important;border-top-width: 0px !important;border-bottom-width: 0px !important;padding-top: 0px !important;padding-bottom: 0px !important;}&#8221;][vc_column width=&#8221;1\/4&#8243;][vc_single_image image=&#8221;14072&#8243; img_size=&#8221;full&#8221; alignment=&#8221;center&#8221; css=&#8221;.vc_custom_1585241024353{padding-top: 20px !important;padding-right: 20px !important;padding-bottom: 20px !important;padding-left: 20px !important;}&#8221;][\/vc_column][vc_column width=&#8221;3\/4&#8243;][vc_empty_space height=&#8221;10px&#8221;][vc_column_text]<\/p>\n<p style=\"text-align: justify;\"><strong><span class=\"highlight\">MODISTO<\/span> <\/strong>is an Erasmus+ funded project that involves organisations in Spain, Portugal, Czech Republic and Italy. The partnership includes vocational training centres, professional associations of the fashion and clothing sector, and organisations involved in the implementation of vocational oriented programmes and the creation of didactical resources for them.<\/p>\n<p>[\/vc_column_text][\/vc_column][\/vc_row][vc_row css=&#8221;.vc_custom_1585239695884{margin-top: 0px !important;margin-bottom: 0px !important;border-top-width: 0px !important;border-bottom-width: 0px !important;padding-top: 0px !important;padding-bottom: 0px !important;}&#8221;][vc_column width=&#8221;1\/2&#8243;][vc_single_image image=&#8221;22685&#8243; img_size=&#8221;full&#8221; alignment=&#8221;center&#8221;][\/vc_column][vc_column width=&#8221;1\/2&#8243;][vc_empty_space height=&#8221;20px&#8221;][vc_empty_space height=&#8221;50px&#8221;][vc_column_text]The main aims of the proposal are:<\/p>\n<p>&nbsp;<\/p>\n<ul>\n<li>To develop a course in e-learning modality to be used as support for VET teachers, whose contents will be related to eco-design and sustainability, and its use intended for the clothing and fashion sector.<\/li>\n<\/ul>\n<p>&nbsp;<\/p>\n<ul>\n<li>\u00a0To promote and disseminate the e-learning course within VET centers in the four participating countries.<\/li>\n<\/ul>\n<p>&nbsp;<\/p>\n<ul>\n<li>To make the resources of the e-learning course openly available and promoted at international level as an open educational resource.<\/li>\n<\/ul>\n<p>[\/vc_column_text][\/vc_column][\/vc_row][vc_row css=&#8221;.vc_custom_1584879235797{background-color: #eaeaea !important;}&#8221;][vc_column text_align=&#8221;center&#8221;][link_button title=&#8221;PROJECT WEBSITE&#8221; style=&#8221;square&#8221; size=&#8221;large&#8221; color=&#8221;#2c4983&#8243; link=&#8221;url:https%3A%2F%2Fproyecto-modisto.eu%2F|target:_blank&#8221;][\/vc_column][\/vc_row][vc_row][vc_column][vc_empty_space height=&#8221;30px&#8221;][vc_message message_box_style=&#8221;outline&#8221; style=&#8221;square&#8221; message_box_color=&#8221;grey&#8221; icon_fontawesome=&#8221;fas fa-file-alt&#8221; css=&#8221;.vc_custom_1638099260504{margin-right: 10px !important;margin-left: 10px !important;border-right-width: 10px !important;border-left-width: 10px !important;padding-right: 10px !important;padding-left: 10px !important;}&#8221;]BROCHURE[\/vc_message][vc_column_text]Not available now[\/vc_column_text][vc_message message_box_style=&#8221;outline&#8221; style=&#8221;square&#8221; message_box_color=&#8221;grey&#8221; icon_fontawesome=&#8221;fa fa-leanpub&#8221; css=&#8221;.vc_custom_1667319479314{margin-right: 10px !important;margin-left: 10px !important;border-right-width: 10px !important;border-left-width: 10px !important;padding-right: 10px !important;padding-left: 10px !important;}&#8221;]REFERENCE PROGRAMME[\/vc_message][vc_column_text]<strong>Programme: <\/strong>ERASMUS+ Key Action 2 &#8211; Strategic Partnership in the field of Vocational Educational Training<br \/>\n<strong>Project Title:<\/strong> MODISTO<br \/>\n<strong>Code: <\/strong>2020-1-ES01-KA202-081939[\/vc_column_text][vc_message message_box_style=&#8221;outline&#8221; style=&#8221;square&#8221; message_box_color=&#8221;grey&#8221; icon_fontawesome=&#8221;fas fa-users&#8221; css=&#8221;.vc_custom_1667319616964{margin-right: 10px !important;margin-left: 10px !important;border-right-width: 10px !important;border-left-width: 10px !important;padding-right: 10px !important;padding-left: 10px !important;}&#8221;]NATIONAL AND INTERNATIONAL PARTNERS[\/vc_message][vc_column_text]<strong>LEAD PARTNER:<\/strong><\/p>\n<ul>\n<li>ASECOM (Spain)<\/li>\n<\/ul>\n<p>&nbsp;<\/p>\n<p><strong>PARTNERS:<\/strong><\/p>\n<ul>\n<li>Formaci\u00f3n y Educaci\u00f3n Integral (Spain)<\/li>\n<li>AMSE (Spain)<\/li>\n<li>ABANA (Italy)<\/li>\n<li>Conform (Italy)<\/li>\n<li>TZU (Rep\u00fablica Checa)<\/li>\n<li>ATOK (Repubblica Ceca)<\/li>\n<li>ASSOCIACAO TEXTIL ERep\u00fablica Checa)<\/li>\n<li>VESTUARIO DE PORTUGAL (Portugal)<\/li>\n<li>Centro de Forma\u00e7\u00e3o Profissional da Ind\u00fastria T\u00eaxtil, Vestu\u00e1rio, Confe\u00e7\u00e3o e Lanif\u00edcios (Portugal)<\/li>\n<\/ul>\n<p>[\/vc_column_text][vc_message message_box_style=&#8221;outline&#8221; style=&#8221;square&#8221; message_box_color=&#8221;grey&#8221; icon_fontawesome=&#8221;fas fa-boxes&#8221; css=&#8221;.vc_custom_1667319604915{margin-right: 10px !important;margin-left: 10px !important;border-right-width: 10px !important;border-left-width: 10px !important;padding-right: 10px !important;padding-left: 10px !important;}&#8221;]PRODUCTS DEVELOPED[\/vc_message][vc_column_text]Further information will be available soon[\/vc_column_text][\/vc_column][\/vc_row][vc_section disable_element=&#8221;yes&#8221;][vc_row][vc_column][vc_column_text]<strong>LEAD PARTNER:<\/strong><\/p>\n<ul>\n<li>ASECOM (Spain)<\/li>\n<\/ul>\n<p>&nbsp;<\/p>\n<p><strong>PARTNERS:<\/strong><\/p>\n<ul>\n<li>Formaci\u00f3n y Educaci\u00f3n Integral (Spain)<\/li>\n<li>AMSE (Spain)<\/li>\n<li>ABANA (Italy)<\/li>\n<li>Conform (Italy)<\/li>\n<li>TZU (Rep\u00fablica Checa)<\/li>\n<li>ATOK (Repubblica Ceca)<\/li>\n<li>ASSOCIACAO TEXTIL ERep\u00fablica Checa)<\/li>\n<li>VESTUARIO DE PORTUGAL (Portugal)<\/li>\n<li>Centro de Forma\u00e7\u00e3o Profissional da Ind\u00fastria T\u00eaxtil, Vestu\u00e1rio, Confe\u00e7\u00e3o e Lanif\u00edcios (Portugal)<\/li>\n<\/ul>\n<p>[\/vc_column_text][\/vc_column][\/vc_row][\/vc_section]<\/p>\n<\/div>","protected":false},"excerpt":{"rendered":"<p>[vc_row css=&#8221;.vc_custom_1576492951164{margin-top: 0px !important;margin-bottom: 0px !important;}&#8221;][vc_column][vc_column_text css=&#8221;.vc_custom_1667319236145{margin-bottom: 15px !important;}&#8221;] INTERNATIONAL PROJECT [\/vc_column_text][vc_column_text css=&#8221;.vc_custom_1638100642998{margin-bottom: 0px !important;}&#8221;] MODISTO [\/vc_column_text][\/vc_column][\/vc_row][vc_row css=&#8221;.vc_custom_1585239581086{margin-top: 0px !important;margin-bottom: 0px !important;border-top-width: 0px !important;border-bottom-width: 0px !important;padding-top: 0px !important;padding-bottom: 0px !important;}&#8221;][vc_column width=&#8221;1\/4&#8243;][vc_single_image image=&#8221;14072&#8243; img_size=&#8221;full&#8221; alignment=&#8221;center&#8221; css=&#8221;.vc_custom_1585241024353{padding-top: 20px !important;padding-right: 20px !important;padding-bottom: 20px !important;padding-left: 20px !important;}&#8221;][\/vc_column][vc_column width=&#8221;3\/4&#8243;][vc_empty_space height=&#8221;10px&#8221;][vc_column_text] MODISTO is an Erasmus+ funded project that involves organisations in [&hellip;]<\/p>\n","protected":false},"author":9,"featured_media":22685,"parent":26237,"menu_order":0,"comment_status":"closed","ping_status":"closed","template":"full-width.php","meta":{"_acf_changed":false,"footnotes":""},"class_list":["post-25547","page","type-page","status-publish","has-post-thumbnail","hentry"],"acf":[],"yoast_head":"<!-- This site is optimized with the Yoast SEO plugin v27.4 - https:\/\/yoast.com\/product\/yoast-seo-wordpress\/ -->\n<title>MODISTO - PROGETTI INTERNAZIONALI - CONFORM<\/title>\n<meta name=\"description\" content=\"MODISTO is an Erasmus+ funded project that involves organisations in Spain, Portugal, Czech Republic and Italy. The partnership includes\" \/>\n<meta name=\"robots\" content=\"index, follow, max-snippet:-1, max-image-preview:large, max-video-preview:-1\" \/>\n<link rel=\"canonical\" href=\"https:\/\/conform.it\/en\/international-projects\/modisto\/\" \/>\n<meta property=\"og:locale\" content=\"en_US\" \/>\n<meta property=\"og:type\" content=\"article\" \/>\n<meta property=\"og:title\" content=\"MODISTO - PROGETTI INTERNAZIONALI - CONFORM\" \/>\n<meta property=\"og:description\" content=\"MODISTO is an Erasmus+ funded project that involves organisations in Spain, Portugal, Czech Republic and Italy. The partnership includes\" \/>\n<meta property=\"og:url\" content=\"https:\/\/conform.it\/en\/international-projects\/modisto\/\" \/>\n<meta property=\"og:site_name\" content=\"CONFORM\" \/>\n<meta property=\"article:modified_time\" content=\"2023-07-26T14:55:39+00:00\" \/>\n<meta property=\"og:image\" content=\"https:\/\/conform.it\/wp-content\/uploads\/2021\/11\/img-portali_modisto.jpg\" \/>\n\t<meta property=\"og:image:width\" content=\"800\" \/>\n\t<meta property=\"og:image:height\" content=\"800\" \/>\n\t<meta property=\"og:image:type\" content=\"image\/jpeg\" \/>\n<meta name=\"twitter:card\" content=\"summary_large_image\" \/>\n<meta name=\"twitter:label1\" content=\"Est. reading time\" \/>\n\t<meta name=\"twitter:data1\" content=\"3 minutes\" \/>\n<script type=\"application\/ld+json\" class=\"yoast-schema-graph\">{\"@context\":\"https:\\\/\\\/schema.org\",\"@graph\":[{\"@type\":\"WebPage\",\"@id\":\"https:\\\/\\\/conform.it\\\/en\\\/international-projects\\\/modisto\\\/\",\"url\":\"https:\\\/\\\/conform.it\\\/en\\\/international-projects\\\/modisto\\\/\",\"name\":\"MODISTO - PROGETTI INTERNAZIONALI - CONFORM\",\"isPartOf\":{\"@id\":\"https:\\\/\\\/conform.it\\\/#website\"},\"primaryImageOfPage\":{\"@id\":\"https:\\\/\\\/conform.it\\\/en\\\/international-projects\\\/modisto\\\/#primaryimage\"},\"image\":{\"@id\":\"https:\\\/\\\/conform.it\\\/en\\\/international-projects\\\/modisto\\\/#primaryimage\"},\"thumbnailUrl\":\"https:\\\/\\\/conform.it\\\/wp-content\\\/uploads\\\/2021\\\/11\\\/img-portali_modisto.jpg\",\"datePublished\":\"2022-11-01T16:21:24+00:00\",\"dateModified\":\"2023-07-26T14:55:39+00:00\",\"description\":\"MODISTO is an Erasmus+ funded project that involves organisations in Spain, Portugal, Czech Republic and Italy. The partnership includes\",\"breadcrumb\":{\"@id\":\"https:\\\/\\\/conform.it\\\/en\\\/international-projects\\\/modisto\\\/#breadcrumb\"},\"inLanguage\":\"en-US\",\"potentialAction\":[{\"@type\":\"ReadAction\",\"target\":[\"https:\\\/\\\/conform.it\\\/en\\\/international-projects\\\/modisto\\\/\"]}]},{\"@type\":\"ImageObject\",\"inLanguage\":\"en-US\",\"@id\":\"https:\\\/\\\/conform.it\\\/en\\\/international-projects\\\/modisto\\\/#primaryimage\",\"url\":\"https:\\\/\\\/conform.it\\\/wp-content\\\/uploads\\\/2021\\\/11\\\/img-portali_modisto.jpg\",\"contentUrl\":\"https:\\\/\\\/conform.it\\\/wp-content\\\/uploads\\\/2021\\\/11\\\/img-portali_modisto.jpg\",\"width\":800,\"height\":800,\"caption\":\"MODISTO\"},{\"@type\":\"BreadcrumbList\",\"@id\":\"https:\\\/\\\/conform.it\\\/en\\\/international-projects\\\/modisto\\\/#breadcrumb\",\"itemListElement\":[{\"@type\":\"ListItem\",\"position\":1,\"name\":\"Home\",\"item\":\"https:\\\/\\\/conform.it\\\/en\\\/\"},{\"@type\":\"ListItem\",\"position\":2,\"name\":\"INTERNATIONAL PROJECTS\",\"item\":\"https:\\\/\\\/conform.it\\\/en\\\/international-projects\\\/\"},{\"@type\":\"ListItem\",\"position\":3,\"name\":\"MODISTO\"}]},{\"@type\":\"WebSite\",\"@id\":\"https:\\\/\\\/conform.it\\\/#website\",\"url\":\"https:\\\/\\\/conform.it\\\/\",\"name\":\"CONFORM\",\"description\":\"Consulenza formazione e management S.c.a.r.l.\",\"publisher\":{\"@id\":\"https:\\\/\\\/conform.it\\\/#organization\"},\"potentialAction\":[{\"@type\":\"SearchAction\",\"target\":{\"@type\":\"EntryPoint\",\"urlTemplate\":\"https:\\\/\\\/conform.it\\\/?s={search_term_string}\"},\"query-input\":{\"@type\":\"PropertyValueSpecification\",\"valueRequired\":true,\"valueName\":\"search_term_string\"}}],\"inLanguage\":\"en-US\"},{\"@type\":\"Organization\",\"@id\":\"https:\\\/\\\/conform.it\\\/#organization\",\"name\":\"CONFORM - Consulenza Formazione e Management S.c.a.r.l.\",\"url\":\"https:\\\/\\\/conform.it\\\/\",\"logo\":{\"@type\":\"ImageObject\",\"inLanguage\":\"en-US\",\"@id\":\"https:\\\/\\\/conform.it\\\/#\\\/schema\\\/logo\\\/image\\\/\",\"url\":\"https:\\\/\\\/conform.it\\\/wp-content\\\/uploads\\\/2015\\\/02\\\/logo-conform-sticky-retina.png\",\"contentUrl\":\"https:\\\/\\\/conform.it\\\/wp-content\\\/uploads\\\/2015\\\/02\\\/logo-conform-sticky-retina.png\",\"width\":189,\"height\":64,\"caption\":\"CONFORM - Consulenza Formazione e Management S.c.a.r.l.\"},\"image\":{\"@id\":\"https:\\\/\\\/conform.it\\\/#\\\/schema\\\/logo\\\/image\\\/\"}}]}<\/script>\n<!-- \/ Yoast SEO plugin. -->","yoast_head_json":{"title":"MODISTO - PROGETTI INTERNAZIONALI - CONFORM","description":"MODISTO is an Erasmus+ funded project that involves organisations in Spain, Portugal, Czech Republic and Italy. The partnership includes","robots":{"index":"index","follow":"follow","max-snippet":"max-snippet:-1","max-image-preview":"max-image-preview:large","max-video-preview":"max-video-preview:-1"},"canonical":"https:\/\/conform.it\/en\/international-projects\/modisto\/","og_locale":"en_US","og_type":"article","og_title":"MODISTO - PROGETTI INTERNAZIONALI - CONFORM","og_description":"MODISTO is an Erasmus+ funded project that involves organisations in Spain, Portugal, Czech Republic and Italy. The partnership includes","og_url":"https:\/\/conform.it\/en\/international-projects\/modisto\/","og_site_name":"CONFORM","article_modified_time":"2023-07-26T14:55:39+00:00","og_image":[{"width":800,"height":800,"url":"https:\/\/conform.it\/wp-content\/uploads\/2021\/11\/img-portali_modisto.jpg","type":"image\/jpeg"}],"twitter_card":"summary_large_image","twitter_misc":{"Est. reading time":"3 minutes"},"schema":{"@context":"https:\/\/schema.org","@graph":[{"@type":"WebPage","@id":"https:\/\/conform.it\/en\/international-projects\/modisto\/","url":"https:\/\/conform.it\/en\/international-projects\/modisto\/","name":"MODISTO - PROGETTI INTERNAZIONALI - CONFORM","isPartOf":{"@id":"https:\/\/conform.it\/#website"},"primaryImageOfPage":{"@id":"https:\/\/conform.it\/en\/international-projects\/modisto\/#primaryimage"},"image":{"@id":"https:\/\/conform.it\/en\/international-projects\/modisto\/#primaryimage"},"thumbnailUrl":"https:\/\/conform.it\/wp-content\/uploads\/2021\/11\/img-portali_modisto.jpg","datePublished":"2022-11-01T16:21:24+00:00","dateModified":"2023-07-26T14:55:39+00:00","description":"MODISTO is an Erasmus+ funded project that involves organisations in Spain, Portugal, Czech Republic and Italy. The partnership includes","breadcrumb":{"@id":"https:\/\/conform.it\/en\/international-projects\/modisto\/#breadcrumb"},"inLanguage":"en-US","potentialAction":[{"@type":"ReadAction","target":["https:\/\/conform.it\/en\/international-projects\/modisto\/"]}]},{"@type":"ImageObject","inLanguage":"en-US","@id":"https:\/\/conform.it\/en\/international-projects\/modisto\/#primaryimage","url":"https:\/\/conform.it\/wp-content\/uploads\/2021\/11\/img-portali_modisto.jpg","contentUrl":"https:\/\/conform.it\/wp-content\/uploads\/2021\/11\/img-portali_modisto.jpg","width":800,"height":800,"caption":"MODISTO"},{"@type":"BreadcrumbList","@id":"https:\/\/conform.it\/en\/international-projects\/modisto\/#breadcrumb","itemListElement":[{"@type":"ListItem","position":1,"name":"Home","item":"https:\/\/conform.it\/en\/"},{"@type":"ListItem","position":2,"name":"INTERNATIONAL PROJECTS","item":"https:\/\/conform.it\/en\/international-projects\/"},{"@type":"ListItem","position":3,"name":"MODISTO"}]},{"@type":"WebSite","@id":"https:\/\/conform.it\/#website","url":"https:\/\/conform.it\/","name":"CONFORM","description":"Consulenza formazione e management S.c.a.r.l.","publisher":{"@id":"https:\/\/conform.it\/#organization"},"potentialAction":[{"@type":"SearchAction","target":{"@type":"EntryPoint","urlTemplate":"https:\/\/conform.it\/?s={search_term_string}"},"query-input":{"@type":"PropertyValueSpecification","valueRequired":true,"valueName":"search_term_string"}}],"inLanguage":"en-US"},{"@type":"Organization","@id":"https:\/\/conform.it\/#organization","name":"CONFORM - Consulenza Formazione e Management S.c.a.r.l.","url":"https:\/\/conform.it\/","logo":{"@type":"ImageObject","inLanguage":"en-US","@id":"https:\/\/conform.it\/#\/schema\/logo\/image\/","url":"https:\/\/conform.it\/wp-content\/uploads\/2015\/02\/logo-conform-sticky-retina.png","contentUrl":"https:\/\/conform.it\/wp-content\/uploads\/2015\/02\/logo-conform-sticky-retina.png","width":189,"height":64,"caption":"CONFORM - Consulenza Formazione e Management S.c.a.r.l."},"image":{"@id":"https:\/\/conform.it\/#\/schema\/logo\/image\/"}}]}},"_links":{"self":[{"href":"https:\/\/conform.it\/en\/wp-json\/wp\/v2\/pages\/25547","targetHints":{"allow":["GET"]}}],"collection":[{"href":"https:\/\/conform.it\/en\/wp-json\/wp\/v2\/pages"}],"about":[{"href":"https:\/\/conform.it\/en\/wp-json\/wp\/v2\/types\/page"}],"author":[{"embeddable":true,"href":"https:\/\/conform.it\/en\/wp-json\/wp\/v2\/users\/9"}],"replies":[{"embeddable":true,"href":"https:\/\/conform.it\/en\/wp-json\/wp\/v2\/comments?post=25547"}],"version-history":[{"count":2,"href":"https:\/\/conform.it\/en\/wp-json\/wp\/v2\/pages\/25547\/revisions"}],"predecessor-version":[{"id":25549,"href":"https:\/\/conform.it\/en\/wp-json\/wp\/v2\/pages\/25547\/revisions\/25549"}],"up":[{"embeddable":true,"href":"https:\/\/conform.it\/en\/wp-json\/wp\/v2\/pages\/26237"}],"wp:featuredmedia":[{"embeddable":true,"href":"https:\/\/conform.it\/en\/wp-json\/wp\/v2\/media\/22685"}],"wp:attachment":[{"href":"https:\/\/conform.it\/en\/wp-json\/wp\/v2\/media?parent=25547"}],"curies":[{"name":"wp","href":"https:\/\/api.w.org\/{rel}","templated":true}]}}