{"id":25431,"date":"2022-10-31T16:44:16","date_gmt":"2022-10-31T15:44:16","guid":{"rendered":"https:\/\/conform.it\/?page_id=25431"},"modified":"2023-07-26T16:56:37","modified_gmt":"2023-07-26T14:56:37","slug":"quid-quality-inclusion-an-digitalisation","status":"publish","type":"page","link":"https:\/\/conform.it\/en\/international-projects\/quid-quality-inclusion-an-digitalisation\/","title":{"rendered":"QUID &#8211; QUALITY INCLUSION AND DIGITALISATION"},"content":{"rendered":"<div class=\"wpb-content-wrapper\"><p>[vc_row css=&#8221;.vc_custom_1576492951164{margin-top: 0px !important;margin-bottom: 0px !important;}&#8221;][vc_column][vc_column_text css=&#8221;.vc_custom_1667230548669{margin-bottom: 15px !important;}&#8221;]<\/p>\n<h6 style=\"text-align: center;\"><a href=\"https:\/\/conform.it\/progetti-internazionali\/\">INTERNATIONAL PROJECT<\/a><\/h6>\n<p>[\/vc_column_text][vc_column_text css=&#8221;.vc_custom_1667042911372{margin-bottom: 0px !important;}&#8221;]<\/p>\n<div class=\"heading title-2 text-center\">\n<h2><span class=\"highlight\">QUID<br \/>\nQUALITY INCLUSION AND DIGITALISATION<br \/>\n<\/span><\/h2>\n<\/div>\n<p>[\/vc_column_text][\/vc_column][\/vc_row][vc_row css=&#8221;.vc_custom_1585239581086{margin-top: 0px !important;margin-bottom: 0px !important;border-top-width: 0px !important;border-bottom-width: 0px !important;padding-top: 0px !important;padding-bottom: 0px !important;}&#8221;][vc_column width=&#8221;1\/4&#8243;][vc_single_image image=&#8221;25427&#8243; img_size=&#8221;full&#8221; alignment=&#8221;center&#8221; css=&#8221;.vc_custom_1667220000574{padding-top: 20px !important;padding-right: 20px !important;padding-bottom: 20px !important;padding-left: 20px !important;}&#8221;][\/vc_column][vc_column width=&#8221;3\/4&#8243;][vc_empty_space height=&#8221;20px&#8221;][vc_column_text]<\/p>\n<p style=\"text-align: justify;\">The project<strong> QUID &#8211; QUALITY INCLUSION AN DIGITALISATION<\/strong> focuses on the development of digital and methodological skills of a pool of teachers from 6 EU countries (IT, TR, ES, PT, PL, MT) favouring their evolution towards the role of Didactic Innovation Advisor, able to govern 4.0 teaching tools and to apply Integrated Digital Teaching methods that are inclusive, interactive, flexible, accessible and personalized.<\/p>\n<p>[\/vc_column_text][\/vc_column][\/vc_row][vc_row css=&#8221;.vc_custom_1585239695884{margin-top: 0px !important;margin-bottom: 0px !important;border-top-width: 0px !important;border-bottom-width: 0px !important;padding-top: 0px !important;padding-bottom: 0px !important;}&#8221;][vc_column width=&#8221;1\/2&#8243;][vc_single_image image=&#8221;25405&#8243; img_size=&#8221;full&#8221; alignment=&#8221;center&#8221;][\/vc_column][vc_column width=&#8221;1\/2&#8243;][vc_empty_space height=&#8221;80px&#8221;][vc_column_text]<\/p>\n<p style=\"text-align: justify;\">In particular, we intend to:<br \/>\na) Increase and maintain over time an articulated set of distinctive and emerging skills of a didactic, digital and planning nature of the Teacher 4.0 who is called to act with a high degree of autonomy and continuity<br \/>\nb) Promote the systematic adoption of the approach, technical methods and tools of inclusive DDI (Integrated Digital Education) with the development and dissemination of a Toolkit to inspire and guide the professional action of future Didactic Innovation Advisors<br \/>\nc) Generate a process of sharing and didactic uniformity in teaching and<br \/>\nmethodological approaches in a pool of partnership teachers, involved in a LTTA, on Instructional design and edutainment for the construction of an inclusive DDI (Integrated Digital Education program) for the benefit of classes of students from different disciplinary fields<br \/>\nd) Establish lasting agreements and synergies between Schools, educational centres of methodological and technological innovation and public bodies to mainstream the training framework elaborated by the project and support sustainability and the pursuit of excellence in the development of learning and teaching.<\/p>\n<p>[\/vc_column_text][vc_empty_space height=&#8221;50px&#8221;][\/vc_column][\/vc_row][vc_row css=&#8221;.vc_custom_1584879235797{background-color: #eaeaea !important;}&#8221;][vc_column text_align=&#8221;center&#8221;][link_button title=&#8221;PROJECT WEBSITE&#8221; style=&#8221;square&#8221; size=&#8221;large&#8221; color=&#8221;#2c4983&#8243; link=&#8221;url:http%3A%2F%2Fquid-project.com%2F|target:_blank&#8221;][\/vc_column][\/vc_row][vc_row][vc_column][vc_empty_space height=&#8221;30px&#8221;][vc_message message_box_style=&#8221;outline&#8221; style=&#8221;square&#8221; message_box_color=&#8221;grey&#8221; icon_fontawesome=&#8221;fas fa-file-alt&#8221; css=&#8221;.vc_custom_1638099260504{margin-right: 10px !important;margin-left: 10px !important;border-right-width: 10px !important;border-left-width: 10px !important;padding-right: 10px !important;padding-left: 10px !important;}&#8221;]BROCHURE[\/vc_message][vc_column_text]Not available now[\/vc_column_text][vc_message message_box_style=&#8221;outline&#8221; style=&#8221;square&#8221; message_box_color=&#8221;grey&#8221; icon_fontawesome=&#8221;fa fa-leanpub&#8221; css=&#8221;.vc_custom_1667230709153{margin-right: 10px !important;margin-left: 10px !important;border-right-width: 10px !important;border-left-width: 10px !important;padding-right: 10px !important;padding-left: 10px !important;}&#8221;]REFERENCE PROGRAMME[\/vc_message][vc_column_text]<strong>Programme: <\/strong>ERASMUS+ Key Action 2 &#8211; Strategic Partnership in the field of School<br \/>\n<strong>Project Title:<\/strong> QUID: Quality, Inclusion &amp; Digitalisation<br \/>\n<strong>Code:\u00a0n. 2021-1-IT02-KA220-SCH-000032518<\/strong>[\/vc_column_text][vc_message message_box_style=&#8221;outline&#8221; style=&#8221;square&#8221; message_box_color=&#8221;grey&#8221; icon_fontawesome=&#8221;fas fa-users&#8221; css=&#8221;.vc_custom_1667230810153{margin-right: 10px !important;margin-left: 10px !important;border-right-width: 10px !important;border-left-width: 10px !important;padding-right: 10px !important;padding-left: 10px !important;}&#8221;]NATIONAL AND INTERNATIONAL PARTNERS[\/vc_message][vc_column_text]<strong>LEAD PARTNER:<\/strong><\/p>\n<ul>\n<li>LICEO ALFANO I &#8211; IT<\/li>\n<\/ul>\n<p><strong>PARTNERS:<\/strong><\/p>\n<ul>\n<li>CONFORM S.C.A.R.L\u00a0 &#8211; IT<\/li>\n<li>CENTRO P\u00daBLICO INTEGRADO LA JOTA &#8211; ES<\/li>\n<li>ECO DIGITAL LEARNING &#8211; ES<\/li>\n<li>AGRUPAMENTO DE ESCOLAS D. DINIS, LEIRIA &#8211; PT<\/li>\n<li>NIEPUBLICZNE LICEUM WARSAW MONTESSORI HIGH SCHOOL\u00a0 &#8211; PL<\/li>\n<li>ORTAK\u00d6Y MTAL, VET CENTER &#8211; TK<\/li>\n<li>MAMAK \u0130L\u00c7E MILLI E\u011eITIM M\u00dcD\u00dcRL\u00dc\u011e\u00dc &#8211; TK<\/li>\n<li>MEDITERRANEAN ACADEMY OF CULTURE, TECHNOLOGY AND TRADE &#8211; MT<\/li>\n<\/ul>\n<p>[\/vc_column_text][vc_message message_box_style=&#8221;outline&#8221; style=&#8221;square&#8221; message_box_color=&#8221;grey&#8221; icon_fontawesome=&#8221;fas fa-boxes&#8221; css=&#8221;.vc_custom_1667230742043{margin-right: 10px !important;margin-left: 10px !important;border-right-width: 10px !important;border-left-width: 10px !important;padding-right: 10px !important;padding-left: 10px !important;}&#8221;]PRODUCTS DEVELOPED[\/vc_message][vc_column_text]Further information will be available soon[\/vc_column_text][\/vc_column][\/vc_row]<\/p>\n<\/div>","protected":false},"excerpt":{"rendered":"<p>[vc_row css=&#8221;.vc_custom_1576492951164{margin-top: 0px !important;margin-bottom: 0px !important;}&#8221;][vc_column][vc_column_text css=&#8221;.vc_custom_1667230548669{margin-bottom: 15px !important;}&#8221;] INTERNATIONAL PROJECT [\/vc_column_text][vc_column_text css=&#8221;.vc_custom_1667042911372{margin-bottom: 0px !important;}&#8221;] QUID QUALITY INCLUSION AND DIGITALISATION [\/vc_column_text][\/vc_column][\/vc_row][vc_row css=&#8221;.vc_custom_1585239581086{margin-top: 0px !important;margin-bottom: 0px !important;border-top-width: 0px !important;border-bottom-width: 0px !important;padding-top: 0px !important;padding-bottom: 0px !important;}&#8221;][vc_column width=&#8221;1\/4&#8243;][vc_single_image image=&#8221;25427&#8243; img_size=&#8221;full&#8221; alignment=&#8221;center&#8221; css=&#8221;.vc_custom_1667220000574{padding-top: 20px !important;padding-right: 20px !important;padding-bottom: 20px !important;padding-left: 20px !important;}&#8221;][\/vc_column][vc_column width=&#8221;3\/4&#8243;][vc_empty_space height=&#8221;20px&#8221;][vc_column_text] The project QUID &#8211; QUALITY INCLUSION [&hellip;]<\/p>\n","protected":false},"author":9,"featured_media":25405,"parent":26237,"menu_order":0,"comment_status":"closed","ping_status":"closed","template":"full-width.php","meta":{"_acf_changed":false,"footnotes":""},"class_list":["post-25431","page","type-page","status-publish","has-post-thumbnail","hentry"],"acf":[],"yoast_head":"<!-- This site is optimized with the Yoast SEO plugin v27.1.1 - https:\/\/yoast.com\/product\/yoast-seo-wordpress\/ -->\n<title>QUID - QUALITY INCLUSION AND DIGITALISATION - CONFORM<\/title>\n<meta name=\"description\" content=\"The project QUID - QUALITY INCLUSION AN DIGITALISATION focuses on the development of digital and methodological skills of a pool of teachers\" \/>\n<meta name=\"robots\" content=\"index, follow, max-snippet:-1, max-image-preview:large, max-video-preview:-1\" \/>\n<link rel=\"canonical\" href=\"https:\/\/conform.it\/en\/international-projects\/quid-quality-inclusion-an-digitalisation\/\" \/>\n<meta property=\"og:locale\" content=\"en_US\" \/>\n<meta property=\"og:type\" content=\"article\" \/>\n<meta property=\"og:title\" content=\"QUID - QUALITY INCLUSION AND DIGITALISATION - CONFORM\" \/>\n<meta property=\"og:description\" content=\"The project QUID - QUALITY INCLUSION AN DIGITALISATION focuses on the development of digital and methodological skills of a pool of teachers\" \/>\n<meta property=\"og:url\" content=\"https:\/\/conform.it\/en\/international-projects\/quid-quality-inclusion-an-digitalisation\/\" \/>\n<meta property=\"og:site_name\" content=\"CONFORM\" \/>\n<meta property=\"article:modified_time\" content=\"2023-07-26T14:56:37+00:00\" \/>\n<meta property=\"og:image\" content=\"https:\/\/conform.it\/wp-content\/uploads\/2022\/10\/img-portali_quid.jpg\" \/>\n\t<meta property=\"og:image:width\" content=\"800\" \/>\n\t<meta property=\"og:image:height\" content=\"800\" \/>\n\t<meta property=\"og:image:type\" content=\"image\/jpeg\" \/>\n<meta name=\"twitter:card\" content=\"summary_large_image\" \/>\n<meta name=\"twitter:label1\" content=\"Est. reading time\" \/>\n\t<meta name=\"twitter:data1\" content=\"3 minutes\" \/>\n<script type=\"application\/ld+json\" class=\"yoast-schema-graph\">{\"@context\":\"https:\/\/schema.org\",\"@graph\":[{\"@type\":\"WebPage\",\"@id\":\"https:\/\/conform.it\/en\/international-projects\/quid-quality-inclusion-an-digitalisation\/\",\"url\":\"https:\/\/conform.it\/en\/international-projects\/quid-quality-inclusion-an-digitalisation\/\",\"name\":\"QUID - QUALITY INCLUSION AND DIGITALISATION - CONFORM\",\"isPartOf\":{\"@id\":\"https:\/\/conform.it\/#website\"},\"primaryImageOfPage\":{\"@id\":\"https:\/\/conform.it\/en\/international-projects\/quid-quality-inclusion-an-digitalisation\/#primaryimage\"},\"image\":{\"@id\":\"https:\/\/conform.it\/en\/international-projects\/quid-quality-inclusion-an-digitalisation\/#primaryimage\"},\"thumbnailUrl\":\"https:\/\/conform.it\/wp-content\/uploads\/2022\/10\/img-portali_quid.jpg\",\"datePublished\":\"2022-10-31T15:44:16+00:00\",\"dateModified\":\"2023-07-26T14:56:37+00:00\",\"description\":\"The project QUID - QUALITY INCLUSION AN DIGITALISATION focuses on the development of digital and methodological skills of a pool of teachers\",\"breadcrumb\":{\"@id\":\"https:\/\/conform.it\/en\/international-projects\/quid-quality-inclusion-an-digitalisation\/#breadcrumb\"},\"inLanguage\":\"en-US\",\"potentialAction\":[{\"@type\":\"ReadAction\",\"target\":[\"https:\/\/conform.it\/en\/international-projects\/quid-quality-inclusion-an-digitalisation\/\"]}]},{\"@type\":\"ImageObject\",\"inLanguage\":\"en-US\",\"@id\":\"https:\/\/conform.it\/en\/international-projects\/quid-quality-inclusion-an-digitalisation\/#primaryimage\",\"url\":\"https:\/\/conform.it\/wp-content\/uploads\/2022\/10\/img-portali_quid.jpg\",\"contentUrl\":\"https:\/\/conform.it\/wp-content\/uploads\/2022\/10\/img-portali_quid.jpg\",\"width\":800,\"height\":800,\"caption\":\"QUID\"},{\"@type\":\"BreadcrumbList\",\"@id\":\"https:\/\/conform.it\/en\/international-projects\/quid-quality-inclusion-an-digitalisation\/#breadcrumb\",\"itemListElement\":[{\"@type\":\"ListItem\",\"position\":1,\"name\":\"Home\",\"item\":\"https:\/\/conform.it\/en\/\"},{\"@type\":\"ListItem\",\"position\":2,\"name\":\"INTERNATIONAL PROJECTS\",\"item\":\"https:\/\/conform.it\/en\/international-projects\/\"},{\"@type\":\"ListItem\",\"position\":3,\"name\":\"QUID &#8211; QUALITY INCLUSION AND DIGITALISATION\"}]},{\"@type\":\"WebSite\",\"@id\":\"https:\/\/conform.it\/#website\",\"url\":\"https:\/\/conform.it\/\",\"name\":\"CONFORM\",\"description\":\"Consulenza formazione e management S.c.a.r.l.\",\"publisher\":{\"@id\":\"https:\/\/conform.it\/#organization\"},\"potentialAction\":[{\"@type\":\"SearchAction\",\"target\":{\"@type\":\"EntryPoint\",\"urlTemplate\":\"https:\/\/conform.it\/?s={search_term_string}\"},\"query-input\":{\"@type\":\"PropertyValueSpecification\",\"valueRequired\":true,\"valueName\":\"search_term_string\"}}],\"inLanguage\":\"en-US\"},{\"@type\":\"Organization\",\"@id\":\"https:\/\/conform.it\/#organization\",\"name\":\"CONFORM - Consulenza Formazione e Management S.c.a.r.l.\",\"url\":\"https:\/\/conform.it\/\",\"logo\":{\"@type\":\"ImageObject\",\"inLanguage\":\"en-US\",\"@id\":\"https:\/\/conform.it\/#\/schema\/logo\/image\/\",\"url\":\"https:\/\/conform.it\/wp-content\/uploads\/2015\/02\/logo-conform-sticky-retina.png\",\"contentUrl\":\"https:\/\/conform.it\/wp-content\/uploads\/2015\/02\/logo-conform-sticky-retina.png\",\"width\":189,\"height\":64,\"caption\":\"CONFORM - Consulenza Formazione e Management S.c.a.r.l.\"},\"image\":{\"@id\":\"https:\/\/conform.it\/#\/schema\/logo\/image\/\"}}]}<\/script>\n<!-- \/ Yoast SEO plugin. -->","yoast_head_json":{"title":"QUID - QUALITY INCLUSION AND DIGITALISATION - CONFORM","description":"The project QUID - QUALITY INCLUSION AN DIGITALISATION focuses on the development of digital and methodological skills of a pool of teachers","robots":{"index":"index","follow":"follow","max-snippet":"max-snippet:-1","max-image-preview":"max-image-preview:large","max-video-preview":"max-video-preview:-1"},"canonical":"https:\/\/conform.it\/en\/international-projects\/quid-quality-inclusion-an-digitalisation\/","og_locale":"en_US","og_type":"article","og_title":"QUID - QUALITY INCLUSION AND DIGITALISATION - CONFORM","og_description":"The project QUID - QUALITY INCLUSION AN DIGITALISATION focuses on the development of digital and methodological skills of a pool of teachers","og_url":"https:\/\/conform.it\/en\/international-projects\/quid-quality-inclusion-an-digitalisation\/","og_site_name":"CONFORM","article_modified_time":"2023-07-26T14:56:37+00:00","og_image":[{"width":800,"height":800,"url":"https:\/\/conform.it\/wp-content\/uploads\/2022\/10\/img-portali_quid.jpg","type":"image\/jpeg"}],"twitter_card":"summary_large_image","twitter_misc":{"Est. reading time":"3 minutes"},"schema":{"@context":"https:\/\/schema.org","@graph":[{"@type":"WebPage","@id":"https:\/\/conform.it\/en\/international-projects\/quid-quality-inclusion-an-digitalisation\/","url":"https:\/\/conform.it\/en\/international-projects\/quid-quality-inclusion-an-digitalisation\/","name":"QUID - QUALITY INCLUSION AND DIGITALISATION - CONFORM","isPartOf":{"@id":"https:\/\/conform.it\/#website"},"primaryImageOfPage":{"@id":"https:\/\/conform.it\/en\/international-projects\/quid-quality-inclusion-an-digitalisation\/#primaryimage"},"image":{"@id":"https:\/\/conform.it\/en\/international-projects\/quid-quality-inclusion-an-digitalisation\/#primaryimage"},"thumbnailUrl":"https:\/\/conform.it\/wp-content\/uploads\/2022\/10\/img-portali_quid.jpg","datePublished":"2022-10-31T15:44:16+00:00","dateModified":"2023-07-26T14:56:37+00:00","description":"The project QUID - QUALITY INCLUSION AN DIGITALISATION focuses on the development of digital and methodological skills of a pool of teachers","breadcrumb":{"@id":"https:\/\/conform.it\/en\/international-projects\/quid-quality-inclusion-an-digitalisation\/#breadcrumb"},"inLanguage":"en-US","potentialAction":[{"@type":"ReadAction","target":["https:\/\/conform.it\/en\/international-projects\/quid-quality-inclusion-an-digitalisation\/"]}]},{"@type":"ImageObject","inLanguage":"en-US","@id":"https:\/\/conform.it\/en\/international-projects\/quid-quality-inclusion-an-digitalisation\/#primaryimage","url":"https:\/\/conform.it\/wp-content\/uploads\/2022\/10\/img-portali_quid.jpg","contentUrl":"https:\/\/conform.it\/wp-content\/uploads\/2022\/10\/img-portali_quid.jpg","width":800,"height":800,"caption":"QUID"},{"@type":"BreadcrumbList","@id":"https:\/\/conform.it\/en\/international-projects\/quid-quality-inclusion-an-digitalisation\/#breadcrumb","itemListElement":[{"@type":"ListItem","position":1,"name":"Home","item":"https:\/\/conform.it\/en\/"},{"@type":"ListItem","position":2,"name":"INTERNATIONAL PROJECTS","item":"https:\/\/conform.it\/en\/international-projects\/"},{"@type":"ListItem","position":3,"name":"QUID &#8211; QUALITY INCLUSION AND DIGITALISATION"}]},{"@type":"WebSite","@id":"https:\/\/conform.it\/#website","url":"https:\/\/conform.it\/","name":"CONFORM","description":"Consulenza formazione e management S.c.a.r.l.","publisher":{"@id":"https:\/\/conform.it\/#organization"},"potentialAction":[{"@type":"SearchAction","target":{"@type":"EntryPoint","urlTemplate":"https:\/\/conform.it\/?s={search_term_string}"},"query-input":{"@type":"PropertyValueSpecification","valueRequired":true,"valueName":"search_term_string"}}],"inLanguage":"en-US"},{"@type":"Organization","@id":"https:\/\/conform.it\/#organization","name":"CONFORM - Consulenza Formazione e Management S.c.a.r.l.","url":"https:\/\/conform.it\/","logo":{"@type":"ImageObject","inLanguage":"en-US","@id":"https:\/\/conform.it\/#\/schema\/logo\/image\/","url":"https:\/\/conform.it\/wp-content\/uploads\/2015\/02\/logo-conform-sticky-retina.png","contentUrl":"https:\/\/conform.it\/wp-content\/uploads\/2015\/02\/logo-conform-sticky-retina.png","width":189,"height":64,"caption":"CONFORM - Consulenza Formazione e Management S.c.a.r.l."},"image":{"@id":"https:\/\/conform.it\/#\/schema\/logo\/image\/"}}]}},"_links":{"self":[{"href":"https:\/\/conform.it\/en\/wp-json\/wp\/v2\/pages\/25431","targetHints":{"allow":["GET"]}}],"collection":[{"href":"https:\/\/conform.it\/en\/wp-json\/wp\/v2\/pages"}],"about":[{"href":"https:\/\/conform.it\/en\/wp-json\/wp\/v2\/types\/page"}],"author":[{"embeddable":true,"href":"https:\/\/conform.it\/en\/wp-json\/wp\/v2\/users\/9"}],"replies":[{"embeddable":true,"href":"https:\/\/conform.it\/en\/wp-json\/wp\/v2\/comments?post=25431"}],"version-history":[{"count":2,"href":"https:\/\/conform.it\/en\/wp-json\/wp\/v2\/pages\/25431\/revisions"}],"predecessor-version":[{"id":25433,"href":"https:\/\/conform.it\/en\/wp-json\/wp\/v2\/pages\/25431\/revisions\/25433"}],"up":[{"embeddable":true,"href":"https:\/\/conform.it\/en\/wp-json\/wp\/v2\/pages\/26237"}],"wp:featuredmedia":[{"embeddable":true,"href":"https:\/\/conform.it\/en\/wp-json\/wp\/v2\/media\/25405"}],"wp:attachment":[{"href":"https:\/\/conform.it\/en\/wp-json\/wp\/v2\/media?parent=25431"}],"curies":[{"name":"wp","href":"https:\/\/api.w.org\/{rel}","templated":true}]}}