{"id":13921,"date":"2018-03-23T11:38:58","date_gmt":"2018-03-23T10:38:58","guid":{"rendered":"https:\/\/conform.it\/en\/?page_id=13921"},"modified":"2019-09-21T13:20:19","modified_gmt":"2019-09-21T11:20:19","slug":"eq-wood","status":"publish","type":"page","link":"https:\/\/conform.it\/en\/international-projects\/eq-wood\/","title":{"rendered":"EQ WOOD"},"content":{"rendered":"<div class=\"wpb-content-wrapper\"><p>[vc_row css=&#8221;.vc_custom_1428421429457{margin-top: 0px !important;margin-right: 0px !important;margin-bottom: 50px !important;margin-left: 0px !important;padding-top: 0px !important;padding-right: 0px !important;padding-bottom: 0px !important;padding-left: 0px !important;}&#8221;][vc_column css=&#8221;.vc_custom_1430155165669{margin-left: 0px !important;padding-left: 0px !important;}&#8221;][vc_raw_js]JTNDYSUyMHN0eWxlJTNEJTIyZm9udC1zaXplJTNBMTRweCUzQiUyMiUyMGhyZWYlM0QlMjJqYXZhc2NyaXB0JTNBaGlzdG9yeS5nbyUyOC0xJTI5JTIyJTIwb25Nb3VzZU92ZXIlM0QlMjJzZWxmLnN0YXR1cyUzRGRvY3VtZW50LnJlZmVycmVyJTNCcmV0dXJuJTIwdHJ1ZSUyMiUzRSUzQ2klMjBjbGFzcyUzRCUyMmZhJTIwZmEtY2hldnJvbi1sZWZ0JTIyJTNFJTNDJTJGaSUzRSUyMEdvJTIwYmFjayUzQyUyRmElM0U=<\/p>\n<p>[\/vc_raw_js][\/vc_column][\/vc_row][vc_row][vc_column width=&#8221;1\/2&#8243;][vc_column_text]<\/p>\n<p style=\"text-align: justify;\">The <strong>EQ-WOOD<\/strong> project aims to contribute to the development of innovation capacity and competitiveness of the European wood and furniture industry, by designing and providing the curriculum of a new vocational profile, the Innovation Advisor. The Innovation Advisor will\u00a0develop skills to manage innovation by combining green, digital and marketing skills. The project is<br \/>\nbased on a comprehensive analysis of the skills requirements already conducted by other European sectoral projects (FUNES, WOODUAL, IM-FUTURE).<br \/>\nThe Innovation Advisor curriculum will be offered both as a Full Qualification, aimed primarily at\u00a0young people, and as a set of independent learning modules aimed at the continuing professional\u00a0development of workers. EQ-WOOD exploits the innovative practices of Technical and Vocational\u00a0Training through a combination of classroom learning and e-learning in an international context.<br \/>\nThe proposed qualification is coherent with the EU instruments for mobility and transparency\u00a0(EQF, EQAVET, ECVET), and validation and recognition are a crucial part of the project.<br \/>\nThe entire training offer is planned to be accredited, validated, presented and, if possible,\u00a0transferred to the European Vocational and Educational Training systems. Furthermore, the project\u00a0supports the development of a European Network for sectoral qualification and training in the wood and furniture industry, which will have the mission to design and provide new training courses and\u00a0to update the sectoral qualifications most frequently subject to change, due to the evolution of\u00a0technology and the market.<br \/>\nThe project sees the participation of the most important associations of the wood and furniture\u00a0industry, the European network of support centres for innovation in the sector and Vocational and\u00a0Education Training Bodies.<\/p>\n<p>[\/vc_column_text][vc_single_image image=&#8221;14071&#8243; img_size=&#8221;full&#8221;][vc_empty_space height=&#8221;50&#8243;][\/vc_column][vc_column width=&#8221;1\/2&#8243; text_align=&#8221;center&#8221;][vc_single_image image=&#8221;13917&#8243; img_size=&#8221;full&#8221; alignment=&#8221;center&#8221;][button title=&#8221;Website&#8221; link=&#8221;url:https%3A%2F%2Fwww.eqwood.org%2F||target:%20_blank|&#8221;][\/vc_column][\/vc_row][vc_row][vc_column][vc_tta_tabs][vc_tta_section i_icon_fontawesome=&#8221;fa fa-file-text&#8221; add_icon=&#8221;true&#8221; tab_id=&#8221;1564397381933-3176233d-fc62&#8243;][vc_column_text]<\/p>\n<h3>REFERENCE PROGRAMME<\/h3>\n<p>Erasmus + Sector Skills Alliances<br \/>\nprogetto European Quality qualifications for the WOODwork and furniture industry\/ EQ-WOOD &#8211; Codice identificativo: 591939-EPP- 1-2017- 1-IT- EPPKA2-SSA<\/p>\n<p>[\/vc_column_text][\/vc_tta_section][vc_tta_section i_icon_fontawesome=&#8221;fa fa-users&#8221; add_icon=&#8221;true&#8221; tab_id=&#8221;1564397381946-788c5b8b-4d47&#8243;][vc_column_text]<\/p>\n<h3 align=\"left\">NATIONAL AND INTERNATIONAL PARTNERS<\/h3>\n<p><strong>Federlegnoarredo<\/strong> (Lead partner) It<br \/>\n<strong>Woodwize<\/strong> (BE)<br \/>\n<strong>Magyar B\u00fator \u00c9s Faipari Sz\u00f6vets\u00e9g<\/strong> (HU)<br \/>\n<strong>Aidimme<\/strong> (ES)<br \/>\n<strong>Innovawood Asbl<\/strong> (BE)<br \/>\n<strong>Conform S.C.A.R.L.<\/strong> (IT)<br \/>\n<strong>Bulgarian Branch Chamber of Woodworking and Furniture Industry<\/strong> (BU)<br \/>\n<strong>Institut Za Podgotovka Na Slujiteliv Mejdunarodni Organizacii\u00a0<\/strong>(BU)<br \/>\n<strong>CCI Lyon<\/strong> (FR)<br \/>\n<strong>Interprofessionnelle Auvergne-Rh\u00f4ne- Alpes IPRA<\/strong> (FR)<\/p>\n<p>[\/vc_column_text][\/vc_tta_section][\/vc_tta_tabs][\/vc_column][\/vc_row]<\/p>\n<\/div>","protected":false},"excerpt":{"rendered":"<p>[vc_row css=&#8221;.vc_custom_1428421429457{margin-top: 0px !important;margin-right: 0px !important;margin-bottom: 50px !important;margin-left: 0px !important;padding-top: 0px !important;padding-right: 0px !important;padding-bottom: 0px !important;padding-left: 0px !important;}&#8221;][vc_column css=&#8221;.vc_custom_1430155165669{margin-left: 0px !important;padding-left: 0px !important;}&#8221;][vc_raw_js]JTNDYSUyMHN0eWxlJTNEJTIyZm9udC1zaXplJTNBMTRweCUzQiUyMiUyMGhyZWYlM0QlMjJqYXZhc2NyaXB0JTNBaGlzdG9yeS5nbyUyOC0xJTI5JTIyJTIwb25Nb3VzZU92ZXIlM0QlMjJzZWxmLnN0YXR1cyUzRGRvY3VtZW50LnJlZmVycmVyJTNCcmV0dXJuJTIwdHJ1ZSUyMiUzRSUzQ2klMjBjbGFzcyUzRCUyMmZhJTIwZmEtY2hldnJvbi1sZWZ0JTIyJTNFJTNDJTJGaSUzRSUyMEdvJTIwYmFjayUzQyUyRmElM0U= [\/vc_raw_js][\/vc_column][\/vc_row][vc_row][vc_column width=&#8221;1\/2&#8243;][vc_column_text] The EQ-WOOD project aims to contribute to the development of innovation capacity and competitiveness of the European wood and furniture industry, by designing and providing the curriculum of a new [&hellip;]<\/p>\n","protected":false},"author":1,"featured_media":0,"parent":26237,"menu_order":0,"comment_status":"closed","ping_status":"closed","template":"full-width.php","meta":{"_acf_changed":false,"footnotes":""},"class_list":["post-13921","page","type-page","status-publish","hentry"],"acf":[],"yoast_head":"<!-- This site is optimized with the Yoast SEO plugin v27.4 - https:\/\/yoast.com\/product\/yoast-seo-wordpress\/ -->\n<title>EQ WOOD - CONFORM<\/title>\n<meta name=\"robots\" content=\"index, follow, max-snippet:-1, max-image-preview:large, max-video-preview:-1\" \/>\n<link rel=\"canonical\" href=\"https:\/\/conform.it\/en\/international-projects\/eq-wood\/\" \/>\n<meta property=\"og:locale\" content=\"en_US\" \/>\n<meta property=\"og:type\" content=\"article\" \/>\n<meta property=\"og:title\" content=\"EQ WOOD - CONFORM\" \/>\n<meta property=\"og:description\" content=\"[vc_row css=&#8221;.vc_custom_1428421429457{margin-top: 0px !important;margin-right: 0px !important;margin-bottom: 50px !important;margin-left: 0px !important;padding-top: 0px !important;padding-right: 0px !important;padding-bottom: 0px !important;padding-left: 0px !important;}&#8221;][vc_column css=&#8221;.vc_custom_1430155165669{margin-left: 0px !important;padding-left: 0px !important;}&#8221;][vc_raw_js]JTNDYSUyMHN0eWxlJTNEJTIyZm9udC1zaXplJTNBMTRweCUzQiUyMiUyMGhyZWYlM0QlMjJqYXZhc2NyaXB0JTNBaGlzdG9yeS5nbyUyOC0xJTI5JTIyJTIwb25Nb3VzZU92ZXIlM0QlMjJzZWxmLnN0YXR1cyUzRGRvY3VtZW50LnJlZmVycmVyJTNCcmV0dXJuJTIwdHJ1ZSUyMiUzRSUzQ2klMjBjbGFzcyUzRCUyMmZhJTIwZmEtY2hldnJvbi1sZWZ0JTIyJTNFJTNDJTJGaSUzRSUyMEdvJTIwYmFjayUzQyUyRmElM0U= [\/vc_raw_js][\/vc_column][\/vc_row][vc_row][vc_column width=&#8221;1\/2&#8243;][vc_column_text] The EQ-WOOD project aims to contribute to the development of innovation capacity and competitiveness of the European wood and furniture industry, by designing and providing the curriculum of a new [&hellip;]\" \/>\n<meta property=\"og:url\" content=\"https:\/\/conform.it\/en\/international-projects\/eq-wood\/\" \/>\n<meta property=\"og:site_name\" content=\"CONFORM\" \/>\n<meta property=\"article:modified_time\" content=\"2019-09-21T11:20:19+00:00\" \/>\n<meta name=\"twitter:card\" content=\"summary_large_image\" \/>\n<meta name=\"twitter:label1\" content=\"Est. reading time\" \/>\n\t<meta name=\"twitter:data1\" content=\"3 minutes\" \/>\n<script type=\"application\/ld+json\" class=\"yoast-schema-graph\">{\"@context\":\"https:\\\/\\\/schema.org\",\"@graph\":[{\"@type\":\"WebPage\",\"@id\":\"https:\\\/\\\/conform.it\\\/en\\\/international-projects\\\/eq-wood\\\/\",\"url\":\"https:\\\/\\\/conform.it\\\/en\\\/international-projects\\\/eq-wood\\\/\",\"name\":\"EQ WOOD - CONFORM\",\"isPartOf\":{\"@id\":\"https:\\\/\\\/conform.it\\\/#website\"},\"datePublished\":\"2018-03-23T10:38:58+00:00\",\"dateModified\":\"2019-09-21T11:20:19+00:00\",\"breadcrumb\":{\"@id\":\"https:\\\/\\\/conform.it\\\/en\\\/international-projects\\\/eq-wood\\\/#breadcrumb\"},\"inLanguage\":\"en-US\",\"potentialAction\":[{\"@type\":\"ReadAction\",\"target\":[\"https:\\\/\\\/conform.it\\\/en\\\/international-projects\\\/eq-wood\\\/\"]}]},{\"@type\":\"BreadcrumbList\",\"@id\":\"https:\\\/\\\/conform.it\\\/en\\\/international-projects\\\/eq-wood\\\/#breadcrumb\",\"itemListElement\":[{\"@type\":\"ListItem\",\"position\":1,\"name\":\"Home\",\"item\":\"https:\\\/\\\/conform.it\\\/en\\\/\"},{\"@type\":\"ListItem\",\"position\":2,\"name\":\"INTERNATIONAL PROJECTS\",\"item\":\"https:\\\/\\\/conform.it\\\/en\\\/international-projects\\\/\"},{\"@type\":\"ListItem\",\"position\":3,\"name\":\"EQ WOOD\"}]},{\"@type\":\"WebSite\",\"@id\":\"https:\\\/\\\/conform.it\\\/#website\",\"url\":\"https:\\\/\\\/conform.it\\\/\",\"name\":\"CONFORM\",\"description\":\"Consulenza formazione e management S.c.a.r.l.\",\"publisher\":{\"@id\":\"https:\\\/\\\/conform.it\\\/#organization\"},\"potentialAction\":[{\"@type\":\"SearchAction\",\"target\":{\"@type\":\"EntryPoint\",\"urlTemplate\":\"https:\\\/\\\/conform.it\\\/?s={search_term_string}\"},\"query-input\":{\"@type\":\"PropertyValueSpecification\",\"valueRequired\":true,\"valueName\":\"search_term_string\"}}],\"inLanguage\":\"en-US\"},{\"@type\":\"Organization\",\"@id\":\"https:\\\/\\\/conform.it\\\/#organization\",\"name\":\"CONFORM - Consulenza Formazione e Management S.c.a.r.l.\",\"url\":\"https:\\\/\\\/conform.it\\\/\",\"logo\":{\"@type\":\"ImageObject\",\"inLanguage\":\"en-US\",\"@id\":\"https:\\\/\\\/conform.it\\\/#\\\/schema\\\/logo\\\/image\\\/\",\"url\":\"https:\\\/\\\/conform.it\\\/wp-content\\\/uploads\\\/2015\\\/02\\\/logo-conform-sticky-retina.png\",\"contentUrl\":\"https:\\\/\\\/conform.it\\\/wp-content\\\/uploads\\\/2015\\\/02\\\/logo-conform-sticky-retina.png\",\"width\":189,\"height\":64,\"caption\":\"CONFORM - Consulenza Formazione e Management S.c.a.r.l.\"},\"image\":{\"@id\":\"https:\\\/\\\/conform.it\\\/#\\\/schema\\\/logo\\\/image\\\/\"}}]}<\/script>\n<!-- \/ Yoast SEO plugin. -->","yoast_head_json":{"title":"EQ WOOD - CONFORM","robots":{"index":"index","follow":"follow","max-snippet":"max-snippet:-1","max-image-preview":"max-image-preview:large","max-video-preview":"max-video-preview:-1"},"canonical":"https:\/\/conform.it\/en\/international-projects\/eq-wood\/","og_locale":"en_US","og_type":"article","og_title":"EQ WOOD - CONFORM","og_description":"[vc_row css=&#8221;.vc_custom_1428421429457{margin-top: 0px !important;margin-right: 0px !important;margin-bottom: 50px !important;margin-left: 0px !important;padding-top: 0px !important;padding-right: 0px !important;padding-bottom: 0px !important;padding-left: 0px !important;}&#8221;][vc_column css=&#8221;.vc_custom_1430155165669{margin-left: 0px !important;padding-left: 0px !important;}&#8221;][vc_raw_js]JTNDYSUyMHN0eWxlJTNEJTIyZm9udC1zaXplJTNBMTRweCUzQiUyMiUyMGhyZWYlM0QlMjJqYXZhc2NyaXB0JTNBaGlzdG9yeS5nbyUyOC0xJTI5JTIyJTIwb25Nb3VzZU92ZXIlM0QlMjJzZWxmLnN0YXR1cyUzRGRvY3VtZW50LnJlZmVycmVyJTNCcmV0dXJuJTIwdHJ1ZSUyMiUzRSUzQ2klMjBjbGFzcyUzRCUyMmZhJTIwZmEtY2hldnJvbi1sZWZ0JTIyJTNFJTNDJTJGaSUzRSUyMEdvJTIwYmFjayUzQyUyRmElM0U= [\/vc_raw_js][\/vc_column][\/vc_row][vc_row][vc_column width=&#8221;1\/2&#8243;][vc_column_text] The EQ-WOOD project aims to contribute to the development of innovation capacity and competitiveness of the European wood and furniture industry, by designing and providing the curriculum of a new [&hellip;]","og_url":"https:\/\/conform.it\/en\/international-projects\/eq-wood\/","og_site_name":"CONFORM","article_modified_time":"2019-09-21T11:20:19+00:00","twitter_card":"summary_large_image","twitter_misc":{"Est. reading time":"3 minutes"},"schema":{"@context":"https:\/\/schema.org","@graph":[{"@type":"WebPage","@id":"https:\/\/conform.it\/en\/international-projects\/eq-wood\/","url":"https:\/\/conform.it\/en\/international-projects\/eq-wood\/","name":"EQ WOOD - CONFORM","isPartOf":{"@id":"https:\/\/conform.it\/#website"},"datePublished":"2018-03-23T10:38:58+00:00","dateModified":"2019-09-21T11:20:19+00:00","breadcrumb":{"@id":"https:\/\/conform.it\/en\/international-projects\/eq-wood\/#breadcrumb"},"inLanguage":"en-US","potentialAction":[{"@type":"ReadAction","target":["https:\/\/conform.it\/en\/international-projects\/eq-wood\/"]}]},{"@type":"BreadcrumbList","@id":"https:\/\/conform.it\/en\/international-projects\/eq-wood\/#breadcrumb","itemListElement":[{"@type":"ListItem","position":1,"name":"Home","item":"https:\/\/conform.it\/en\/"},{"@type":"ListItem","position":2,"name":"INTERNATIONAL PROJECTS","item":"https:\/\/conform.it\/en\/international-projects\/"},{"@type":"ListItem","position":3,"name":"EQ WOOD"}]},{"@type":"WebSite","@id":"https:\/\/conform.it\/#website","url":"https:\/\/conform.it\/","name":"CONFORM","description":"Consulenza formazione e management S.c.a.r.l.","publisher":{"@id":"https:\/\/conform.it\/#organization"},"potentialAction":[{"@type":"SearchAction","target":{"@type":"EntryPoint","urlTemplate":"https:\/\/conform.it\/?s={search_term_string}"},"query-input":{"@type":"PropertyValueSpecification","valueRequired":true,"valueName":"search_term_string"}}],"inLanguage":"en-US"},{"@type":"Organization","@id":"https:\/\/conform.it\/#organization","name":"CONFORM - Consulenza Formazione e Management S.c.a.r.l.","url":"https:\/\/conform.it\/","logo":{"@type":"ImageObject","inLanguage":"en-US","@id":"https:\/\/conform.it\/#\/schema\/logo\/image\/","url":"https:\/\/conform.it\/wp-content\/uploads\/2015\/02\/logo-conform-sticky-retina.png","contentUrl":"https:\/\/conform.it\/wp-content\/uploads\/2015\/02\/logo-conform-sticky-retina.png","width":189,"height":64,"caption":"CONFORM - Consulenza Formazione e Management S.c.a.r.l."},"image":{"@id":"https:\/\/conform.it\/#\/schema\/logo\/image\/"}}]}},"_links":{"self":[{"href":"https:\/\/conform.it\/en\/wp-json\/wp\/v2\/pages\/13921","targetHints":{"allow":["GET"]}}],"collection":[{"href":"https:\/\/conform.it\/en\/wp-json\/wp\/v2\/pages"}],"about":[{"href":"https:\/\/conform.it\/en\/wp-json\/wp\/v2\/types\/page"}],"author":[{"embeddable":true,"href":"https:\/\/conform.it\/en\/wp-json\/wp\/v2\/users\/1"}],"replies":[{"embeddable":true,"href":"https:\/\/conform.it\/en\/wp-json\/wp\/v2\/comments?post=13921"}],"version-history":[{"count":5,"href":"https:\/\/conform.it\/en\/wp-json\/wp\/v2\/pages\/13921\/revisions"}],"predecessor-version":[{"id":14185,"href":"https:\/\/conform.it\/en\/wp-json\/wp\/v2\/pages\/13921\/revisions\/14185"}],"up":[{"embeddable":true,"href":"https:\/\/conform.it\/en\/wp-json\/wp\/v2\/pages\/26237"}],"wp:attachment":[{"href":"https:\/\/conform.it\/en\/wp-json\/wp\/v2\/media?parent=13921"}],"curies":[{"name":"wp","href":"https:\/\/api.w.org\/{rel}","templated":true}]}}