{"id":12427,"date":"2017-01-23T17:49:24","date_gmt":"2017-01-23T16:49:24","guid":{"rendered":"https:\/\/conform.it\/en\/?page_id=12427"},"modified":"2018-02-16T11:20:03","modified_gmt":"2018-02-16T10:20:03","slug":"modatop","status":"publish","type":"page","link":"https:\/\/conform.it\/en\/international-projects\/modatop\/","title":{"rendered":"MODATOP"},"content":{"rendered":"<div class=\"wpb-content-wrapper\"><p>[vc_row full_width=&#8221;&#8221; css=&#8221;.vc_custom_1428421429457{margin-top: 0px !important;margin-right: 0px !important;margin-bottom: 50px !important;margin-left: 0px !important;padding-top: 0px !important;padding-right: 0px !important;padding-bottom: 0px !important;padding-left: 0px !important;}&#8221; alt_color=&#8221;&#8221; alt_bg_color=&#8221;&#8221; parallax=&#8221;&#8221; full_screen=&#8221;&#8221; mask_style=&#8221;50&#8243;][vc_column width=&#8221;1\/1&#8243; css=&#8221;.vc_custom_1430155165669{margin-left: 0px !important;padding-left: 0px !important;}&#8221; alt_color=&#8221;&#8221; alt_bg_color=&#8221;&#8221;][vc_raw_js]JTNDYSUyMHN0eWxlJTNEJTIyZm9udC1zaXplJTNBMTRweCUzQiUyMiUyMGhyZWYlM0QlMjJqYXZhc2NyaXB0JTNBaGlzdG9yeS5nbyUyOC0xJTI5JTIyJTIwb25Nb3VzZU92ZXIlM0QlMjJzZWxmLnN0YXR1cyUzRGRvY3VtZW50LnJlZmVycmVyJTNCcmV0dXJuJTIwdHJ1ZSUyMiUzRSUzQ2klMjBjbGFzcyUzRCUyMmZhJTIwZmEtY2hldnJvbi1sZWZ0JTIyJTNFJTNDJTJGaSUzRSUyMEdvJTIwYmFjayUzQyUyRmElM0U=<\/p>\n<p>[\/vc_raw_js][\/vc_column][\/vc_row][vc_row][vc_column width=&#8221;1\/2&#8243;][vc_column_text]<\/p>\n<p style=\"text-align: justify;\">The <strong>MODATOP<\/strong> &#8211; Moda Training on Practice project, that consists of VET professionals, industry bodies representing the textile industry and educational institutions has the following objectives:<br \/>\n&#8211; Analysis and research of the political and educational scenarios which facilitate the implementation of internships in companies of participating countries.<br \/>\n&#8211; Creation of complementary tools to existing resources and their classification according to level of utility for stakeholders (schools, businesses and students). These include a Guide with recommendations for company tutors of companies involved in dual systems of vocational training and a classifier of resources that can be used to assess the skills acquired in the companies involved in the project.<br \/>\n&#8211; Development of the tools described above, their relative promotion and provision for parties involved.<\/p>\n<p>[\/vc_column_text][\/vc_column][vc_column width=&#8221;1\/2&#8243; alt_color=&#8221;&#8221; alt_bg_color=&#8221;&#8221;][vc_single_image image=&#8221;12234&#8243; img_size=&#8221;full&#8221; img_link_large=&#8221;&#8221; img_link_target=&#8221;prettyphoto&#8221; alignment=&#8221;center&#8221;][\/vc_column][\/vc_row][vc_row][vc_column width=&#8221;1\/1&#8243;][vc_tabs interval=&#8221;0&#8243;][vc_tab title=&#8221;Scheda 2&#8243; tab_id=&#8221;1427449102878-5&#8243; mode=&#8221;icon&#8221; icon=&#8221;fa fa-file-text&#8221;][vc_row_inner][vc_column_inner width=&#8221;1\/1&#8243;][vc_column_text]<\/p>\n<h3>REFERENCE PROGRAMME<\/h3>\n<p>Erasmus + KA2 Strategic Partnerships for VET codice n. 2016-1-ES01-KA202-025092[\/vc_column_text][\/vc_column_inner][\/vc_row_inner][\/vc_tab][vc_tab title=&#8221;Scheda&#8221; tab_id=&#8221;1427449206448-2-0&#8243; mode=&#8221;icon&#8221; icon=&#8221;fa fa-users&#8221;][vc_row_inner][vc_column_inner width=&#8221;1\/1&#8243;][vc_column_text]<\/p>\n<h3 align=\"left\">NATIONAL AND INTERNATIONAL PARTNERS<\/h3>\n<p class=\"p1\"><strong>Asocaci\u00f3n de Empresas de Confecci\u00f3n y Moda de la Comunidad de Madrid<\/strong> (ES)<\/p>\n<p class=\"p1\"><strong>Asociace Textilniho-odevniho Kozedelneho Prumyslu<\/strong> (CZ)<\/p>\n<p class=\"p1\"><strong>Associacao Textil e Vestuario do Portugal<\/strong> (PT)<\/p>\n<p class=\"p1\"><strong>Centro de Forma\u00e7\u00e3o Profissional da Ind\u00fastria T\u00eaxtil, Vestu\u00e1rio, Confe\u00e7\u00e3o e Lanif\u00edcios<\/strong> (PT)<\/p>\n<p class=\"p1\"><strong>Ccomunidad de Madrid<\/strong> (ES)<\/p>\n<p class=\"p1\"><strong>CONFORM-Consulenza Formazione e Management S.c.a.r.l<\/strong> (IT)<\/p>\n<p class=\"p1\"><strong>Formacion y Educacion Integral<\/strong> (ES)<\/p>\n<p class=\"p1\"><strong>Made in Vicenza<\/strong> (IT)<\/p>\n<p class=\"p1\"><strong>Textilni zkusebni ustav<\/strong> (CZ)<\/p>\n<p>[\/vc_column_text][\/vc_column_inner][\/vc_row_inner][\/vc_tab][\/vc_tabs][\/vc_column][\/vc_row]<\/p>\n<\/div>","protected":false},"excerpt":{"rendered":"<p>[vc_row full_width=&#8221;&#8221; css=&#8221;.vc_custom_1428421429457{margin-top: 0px !important;margin-right: 0px !important;margin-bottom: 50px !important;margin-left: 0px !important;padding-top: 0px !important;padding-right: 0px !important;padding-bottom: 0px !important;padding-left: 0px !important;}&#8221; alt_color=&#8221;&#8221; alt_bg_color=&#8221;&#8221; parallax=&#8221;&#8221; full_screen=&#8221;&#8221; mask_style=&#8221;50&#8243;][vc_column width=&#8221;1\/1&#8243; css=&#8221;.vc_custom_1430155165669{margin-left: 0px !important;padding-left: 0px !important;}&#8221; alt_color=&#8221;&#8221; alt_bg_color=&#8221;&#8221;][vc_raw_js]JTNDYSUyMHN0eWxlJTNEJTIyZm9udC1zaXplJTNBMTRweCUzQiUyMiUyMGhyZWYlM0QlMjJqYXZhc2NyaXB0JTNBaGlzdG9yeS5nbyUyOC0xJTI5JTIyJTIwb25Nb3VzZU92ZXIlM0QlMjJzZWxmLnN0YXR1cyUzRGRvY3VtZW50LnJlZmVycmVyJTNCcmV0dXJuJTIwdHJ1ZSUyMiUzRSUzQ2klMjBjbGFzcyUzRCUyMmZhJTIwZmEtY2hldnJvbi1sZWZ0JTIyJTNFJTNDJTJGaSUzRSUyMEdvJTIwYmFjayUzQyUyRmElM0U= [\/vc_raw_js][\/vc_column][\/vc_row][vc_row][vc_column width=&#8221;1\/2&#8243;][vc_column_text] The MODATOP &#8211; Moda Training on Practice project, that consists of VET professionals, industry bodies representing the textile industry and educational [&hellip;]<\/p>\n","protected":false},"author":1,"featured_media":12243,"parent":26237,"menu_order":0,"comment_status":"closed","ping_status":"closed","template":"full-width.php","meta":{"_acf_changed":false,"footnotes":""},"class_list":["post-12427","page","type-page","status-publish","has-post-thumbnail","hentry"],"acf":[],"yoast_head":"<!-- This site is optimized with the Yoast SEO plugin v27.1.1 - https:\/\/yoast.com\/product\/yoast-seo-wordpress\/ -->\n<title>MODATOP - CONFORM<\/title>\n<meta name=\"robots\" content=\"index, follow, max-snippet:-1, max-image-preview:large, max-video-preview:-1\" \/>\n<link rel=\"canonical\" href=\"https:\/\/conform.it\/en\/international-projects\/modatop\/\" \/>\n<meta property=\"og:locale\" content=\"en_US\" \/>\n<meta property=\"og:type\" content=\"article\" \/>\n<meta property=\"og:title\" content=\"MODATOP - CONFORM\" \/>\n<meta property=\"og:description\" content=\"[vc_row full_width=&#8221;&#8221; css=&#8221;.vc_custom_1428421429457{margin-top: 0px !important;margin-right: 0px !important;margin-bottom: 50px !important;margin-left: 0px !important;padding-top: 0px !important;padding-right: 0px !important;padding-bottom: 0px !important;padding-left: 0px !important;}&#8221; alt_color=&#8221;&#8221; alt_bg_color=&#8221;&#8221; parallax=&#8221;&#8221; full_screen=&#8221;&#8221; mask_style=&#8221;50&#8243;][vc_column width=&#8221;1\/1&#8243; css=&#8221;.vc_custom_1430155165669{margin-left: 0px !important;padding-left: 0px !important;}&#8221; alt_color=&#8221;&#8221; alt_bg_color=&#8221;&#8221;][vc_raw_js]JTNDYSUyMHN0eWxlJTNEJTIyZm9udC1zaXplJTNBMTRweCUzQiUyMiUyMGhyZWYlM0QlMjJqYXZhc2NyaXB0JTNBaGlzdG9yeS5nbyUyOC0xJTI5JTIyJTIwb25Nb3VzZU92ZXIlM0QlMjJzZWxmLnN0YXR1cyUzRGRvY3VtZW50LnJlZmVycmVyJTNCcmV0dXJuJTIwdHJ1ZSUyMiUzRSUzQ2klMjBjbGFzcyUzRCUyMmZhJTIwZmEtY2hldnJvbi1sZWZ0JTIyJTNFJTNDJTJGaSUzRSUyMEdvJTIwYmFjayUzQyUyRmElM0U= [\/vc_raw_js][\/vc_column][\/vc_row][vc_row][vc_column width=&#8221;1\/2&#8243;][vc_column_text] The MODATOP &#8211; Moda Training on Practice project, that consists of VET professionals, industry bodies representing the textile industry and educational [&hellip;]\" \/>\n<meta property=\"og:url\" content=\"https:\/\/conform.it\/en\/international-projects\/modatop\/\" \/>\n<meta property=\"og:site_name\" content=\"CONFORM\" \/>\n<meta property=\"article:modified_time\" content=\"2018-02-16T10:20:03+00:00\" \/>\n<meta property=\"og:image\" content=\"https:\/\/conform.it\/wp-content\/uploads\/2017\/01\/modatop-logo2.jpg\" \/>\n\t<meta property=\"og:image:width\" content=\"400\" \/>\n\t<meta property=\"og:image:height\" content=\"400\" \/>\n\t<meta property=\"og:image:type\" content=\"image\/jpeg\" \/>\n<meta name=\"twitter:card\" content=\"summary_large_image\" \/>\n<meta name=\"twitter:label1\" content=\"Est. reading time\" \/>\n\t<meta name=\"twitter:data1\" content=\"2 minutes\" \/>\n<script type=\"application\/ld+json\" class=\"yoast-schema-graph\">{\"@context\":\"https:\/\/schema.org\",\"@graph\":[{\"@type\":\"WebPage\",\"@id\":\"https:\/\/conform.it\/en\/international-projects\/modatop\/\",\"url\":\"https:\/\/conform.it\/en\/international-projects\/modatop\/\",\"name\":\"MODATOP - CONFORM\",\"isPartOf\":{\"@id\":\"https:\/\/conform.it\/#website\"},\"primaryImageOfPage\":{\"@id\":\"https:\/\/conform.it\/en\/international-projects\/modatop\/#primaryimage\"},\"image\":{\"@id\":\"https:\/\/conform.it\/en\/international-projects\/modatop\/#primaryimage\"},\"thumbnailUrl\":\"https:\/\/conform.it\/wp-content\/uploads\/2017\/01\/modatop-logo2.jpg\",\"datePublished\":\"2017-01-23T16:49:24+00:00\",\"dateModified\":\"2018-02-16T10:20:03+00:00\",\"breadcrumb\":{\"@id\":\"https:\/\/conform.it\/en\/international-projects\/modatop\/#breadcrumb\"},\"inLanguage\":\"en-US\",\"potentialAction\":[{\"@type\":\"ReadAction\",\"target\":[\"https:\/\/conform.it\/en\/international-projects\/modatop\/\"]}]},{\"@type\":\"ImageObject\",\"inLanguage\":\"en-US\",\"@id\":\"https:\/\/conform.it\/en\/international-projects\/modatop\/#primaryimage\",\"url\":\"https:\/\/conform.it\/wp-content\/uploads\/2017\/01\/modatop-logo2.jpg\",\"contentUrl\":\"https:\/\/conform.it\/wp-content\/uploads\/2017\/01\/modatop-logo2.jpg\",\"width\":400,\"height\":400},{\"@type\":\"BreadcrumbList\",\"@id\":\"https:\/\/conform.it\/en\/international-projects\/modatop\/#breadcrumb\",\"itemListElement\":[{\"@type\":\"ListItem\",\"position\":1,\"name\":\"Home\",\"item\":\"https:\/\/conform.it\/en\/\"},{\"@type\":\"ListItem\",\"position\":2,\"name\":\"INTERNATIONAL PROJECTS\",\"item\":\"https:\/\/conform.it\/en\/international-projects\/\"},{\"@type\":\"ListItem\",\"position\":3,\"name\":\"MODATOP\"}]},{\"@type\":\"WebSite\",\"@id\":\"https:\/\/conform.it\/#website\",\"url\":\"https:\/\/conform.it\/\",\"name\":\"CONFORM\",\"description\":\"Consulenza formazione e management S.c.a.r.l.\",\"publisher\":{\"@id\":\"https:\/\/conform.it\/#organization\"},\"potentialAction\":[{\"@type\":\"SearchAction\",\"target\":{\"@type\":\"EntryPoint\",\"urlTemplate\":\"https:\/\/conform.it\/?s={search_term_string}\"},\"query-input\":{\"@type\":\"PropertyValueSpecification\",\"valueRequired\":true,\"valueName\":\"search_term_string\"}}],\"inLanguage\":\"en-US\"},{\"@type\":\"Organization\",\"@id\":\"https:\/\/conform.it\/#organization\",\"name\":\"CONFORM - Consulenza Formazione e Management S.c.a.r.l.\",\"url\":\"https:\/\/conform.it\/\",\"logo\":{\"@type\":\"ImageObject\",\"inLanguage\":\"en-US\",\"@id\":\"https:\/\/conform.it\/#\/schema\/logo\/image\/\",\"url\":\"https:\/\/conform.it\/wp-content\/uploads\/2015\/02\/logo-conform-sticky-retina.png\",\"contentUrl\":\"https:\/\/conform.it\/wp-content\/uploads\/2015\/02\/logo-conform-sticky-retina.png\",\"width\":189,\"height\":64,\"caption\":\"CONFORM - Consulenza Formazione e Management S.c.a.r.l.\"},\"image\":{\"@id\":\"https:\/\/conform.it\/#\/schema\/logo\/image\/\"}}]}<\/script>\n<!-- \/ Yoast SEO plugin. -->","yoast_head_json":{"title":"MODATOP - CONFORM","robots":{"index":"index","follow":"follow","max-snippet":"max-snippet:-1","max-image-preview":"max-image-preview:large","max-video-preview":"max-video-preview:-1"},"canonical":"https:\/\/conform.it\/en\/international-projects\/modatop\/","og_locale":"en_US","og_type":"article","og_title":"MODATOP - CONFORM","og_description":"[vc_row full_width=&#8221;&#8221; css=&#8221;.vc_custom_1428421429457{margin-top: 0px !important;margin-right: 0px !important;margin-bottom: 50px !important;margin-left: 0px !important;padding-top: 0px !important;padding-right: 0px !important;padding-bottom: 0px !important;padding-left: 0px !important;}&#8221; alt_color=&#8221;&#8221; alt_bg_color=&#8221;&#8221; parallax=&#8221;&#8221; full_screen=&#8221;&#8221; mask_style=&#8221;50&#8243;][vc_column width=&#8221;1\/1&#8243; css=&#8221;.vc_custom_1430155165669{margin-left: 0px !important;padding-left: 0px !important;}&#8221; alt_color=&#8221;&#8221; alt_bg_color=&#8221;&#8221;][vc_raw_js]JTNDYSUyMHN0eWxlJTNEJTIyZm9udC1zaXplJTNBMTRweCUzQiUyMiUyMGhyZWYlM0QlMjJqYXZhc2NyaXB0JTNBaGlzdG9yeS5nbyUyOC0xJTI5JTIyJTIwb25Nb3VzZU92ZXIlM0QlMjJzZWxmLnN0YXR1cyUzRGRvY3VtZW50LnJlZmVycmVyJTNCcmV0dXJuJTIwdHJ1ZSUyMiUzRSUzQ2klMjBjbGFzcyUzRCUyMmZhJTIwZmEtY2hldnJvbi1sZWZ0JTIyJTNFJTNDJTJGaSUzRSUyMEdvJTIwYmFjayUzQyUyRmElM0U= [\/vc_raw_js][\/vc_column][\/vc_row][vc_row][vc_column width=&#8221;1\/2&#8243;][vc_column_text] The MODATOP &#8211; Moda Training on Practice project, that consists of VET professionals, industry bodies representing the textile industry and educational [&hellip;]","og_url":"https:\/\/conform.it\/en\/international-projects\/modatop\/","og_site_name":"CONFORM","article_modified_time":"2018-02-16T10:20:03+00:00","og_image":[{"width":400,"height":400,"url":"https:\/\/conform.it\/wp-content\/uploads\/2017\/01\/modatop-logo2.jpg","type":"image\/jpeg"}],"twitter_card":"summary_large_image","twitter_misc":{"Est. reading time":"2 minutes"},"schema":{"@context":"https:\/\/schema.org","@graph":[{"@type":"WebPage","@id":"https:\/\/conform.it\/en\/international-projects\/modatop\/","url":"https:\/\/conform.it\/en\/international-projects\/modatop\/","name":"MODATOP - CONFORM","isPartOf":{"@id":"https:\/\/conform.it\/#website"},"primaryImageOfPage":{"@id":"https:\/\/conform.it\/en\/international-projects\/modatop\/#primaryimage"},"image":{"@id":"https:\/\/conform.it\/en\/international-projects\/modatop\/#primaryimage"},"thumbnailUrl":"https:\/\/conform.it\/wp-content\/uploads\/2017\/01\/modatop-logo2.jpg","datePublished":"2017-01-23T16:49:24+00:00","dateModified":"2018-02-16T10:20:03+00:00","breadcrumb":{"@id":"https:\/\/conform.it\/en\/international-projects\/modatop\/#breadcrumb"},"inLanguage":"en-US","potentialAction":[{"@type":"ReadAction","target":["https:\/\/conform.it\/en\/international-projects\/modatop\/"]}]},{"@type":"ImageObject","inLanguage":"en-US","@id":"https:\/\/conform.it\/en\/international-projects\/modatop\/#primaryimage","url":"https:\/\/conform.it\/wp-content\/uploads\/2017\/01\/modatop-logo2.jpg","contentUrl":"https:\/\/conform.it\/wp-content\/uploads\/2017\/01\/modatop-logo2.jpg","width":400,"height":400},{"@type":"BreadcrumbList","@id":"https:\/\/conform.it\/en\/international-projects\/modatop\/#breadcrumb","itemListElement":[{"@type":"ListItem","position":1,"name":"Home","item":"https:\/\/conform.it\/en\/"},{"@type":"ListItem","position":2,"name":"INTERNATIONAL PROJECTS","item":"https:\/\/conform.it\/en\/international-projects\/"},{"@type":"ListItem","position":3,"name":"MODATOP"}]},{"@type":"WebSite","@id":"https:\/\/conform.it\/#website","url":"https:\/\/conform.it\/","name":"CONFORM","description":"Consulenza formazione e management S.c.a.r.l.","publisher":{"@id":"https:\/\/conform.it\/#organization"},"potentialAction":[{"@type":"SearchAction","target":{"@type":"EntryPoint","urlTemplate":"https:\/\/conform.it\/?s={search_term_string}"},"query-input":{"@type":"PropertyValueSpecification","valueRequired":true,"valueName":"search_term_string"}}],"inLanguage":"en-US"},{"@type":"Organization","@id":"https:\/\/conform.it\/#organization","name":"CONFORM - Consulenza Formazione e Management S.c.a.r.l.","url":"https:\/\/conform.it\/","logo":{"@type":"ImageObject","inLanguage":"en-US","@id":"https:\/\/conform.it\/#\/schema\/logo\/image\/","url":"https:\/\/conform.it\/wp-content\/uploads\/2015\/02\/logo-conform-sticky-retina.png","contentUrl":"https:\/\/conform.it\/wp-content\/uploads\/2015\/02\/logo-conform-sticky-retina.png","width":189,"height":64,"caption":"CONFORM - Consulenza Formazione e Management S.c.a.r.l."},"image":{"@id":"https:\/\/conform.it\/#\/schema\/logo\/image\/"}}]}},"_links":{"self":[{"href":"https:\/\/conform.it\/en\/wp-json\/wp\/v2\/pages\/12427","targetHints":{"allow":["GET"]}}],"collection":[{"href":"https:\/\/conform.it\/en\/wp-json\/wp\/v2\/pages"}],"about":[{"href":"https:\/\/conform.it\/en\/wp-json\/wp\/v2\/types\/page"}],"author":[{"embeddable":true,"href":"https:\/\/conform.it\/en\/wp-json\/wp\/v2\/users\/1"}],"replies":[{"embeddable":true,"href":"https:\/\/conform.it\/en\/wp-json\/wp\/v2\/comments?post=12427"}],"version-history":[{"count":5,"href":"https:\/\/conform.it\/en\/wp-json\/wp\/v2\/pages\/12427\/revisions"}],"predecessor-version":[{"id":13890,"href":"https:\/\/conform.it\/en\/wp-json\/wp\/v2\/pages\/12427\/revisions\/13890"}],"up":[{"embeddable":true,"href":"https:\/\/conform.it\/en\/wp-json\/wp\/v2\/pages\/26237"}],"wp:featuredmedia":[{"embeddable":true,"href":"https:\/\/conform.it\/en\/wp-json\/wp\/v2\/media\/12243"}],"wp:attachment":[{"href":"https:\/\/conform.it\/en\/wp-json\/wp\/v2\/media?parent=12427"}],"curies":[{"name":"wp","href":"https:\/\/api.w.org\/{rel}","templated":true}]}}