{"id":12425,"date":"2017-01-23T17:46:34","date_gmt":"2017-01-23T16:46:34","guid":{"rendered":"https:\/\/conform.it\/en\/?page_id=12425"},"modified":"2023-07-26T12:21:34","modified_gmt":"2023-07-26T10:21:34","slug":"yebe","status":"publish","type":"page","link":"https:\/\/conform.it\/en\/international-projects\/yebe\/","title":{"rendered":"YEBE"},"content":{"rendered":"<div class=\"wpb-content-wrapper\"><p>[vc_row full_width=&#8221;&#8221; css=&#8221;.vc_custom_1428421429457{margin-top: 0px !important;margin-right: 0px !important;margin-bottom: 50px !important;margin-left: 0px !important;padding-top: 0px !important;padding-right: 0px !important;padding-bottom: 0px !important;padding-left: 0px !important;}&#8221; alt_color=&#8221;&#8221; alt_bg_color=&#8221;&#8221; parallax=&#8221;&#8221; full_screen=&#8221;&#8221; mask_style=&#8221;50&#8243;][vc_column width=&#8221;1\/1&#8243; css=&#8221;.vc_custom_1430155165669{margin-left: 0px !important;padding-left: 0px !important;}&#8221; alt_color=&#8221;&#8221; alt_bg_color=&#8221;&#8221;][vc_raw_js]<\/p>\n<p>JTNDYSUyMHN0eWxlJTNEJTIyZm9udC1zaXplJTNBMTRweCUzQiUyMiUyMGhyZWYlM0QlMjJqYXZhc2NyaXB0JTNBaGlzdG9yeS5nbyUyOC0xJTI5JTIyJTIwb25Nb3VzZU92ZXIlM0QlMjJzZWxmLnN0YXR1cyUzRGRvY3VtZW50LnJlZmVycmVyJTNCcmV0dXJuJTIwdHJ1ZSUyMiUzRSUzQ2klMjBjbGFzcyUzRCUyMmZhJTIwZmEtY2hldnJvbi1sZWZ0JTIyJTNFJTNDJTJGaSUzRSUyMEdvJTIwYmFjayUzQyUyRmElM0U=<\/p>\n<p>[\/vc_raw_js][\/vc_column][\/vc_row][vc_row][vc_column width=&#8221;1\/2&#8243;][vc_column_text]<\/p>\n<p style=\"text-align: justify;\">The <strong>YEBE &#8211; Youth for Entrepreneurship and Business Ethics<\/strong> project aims to implement an innovative program of non-formal education, to complete university studies, training programs and other educational activities for young people at the beginning of their professional career, aims to prepare and encourage young people in the development of entrepreneurship and active, responsible citizenship and to integrate a new model of ethical leadership in business.<br \/>\nStrengthening young people\u2019s entrepreneurial skills, creativity and communication skills will increase their opportunities to actively participate in all spheres of society and the economy, and to take responsibility and become qualified as leaders of the future and agents of a &#8221;social economy market&#8221;.<br \/>\nThe activities carried out during the project will also help to integrate more and more non-formal and formal learning on entrepreneurship, stimulating and enhancing the propensity of young people to self-employment and entrepreneurship. These can be considered good opportunities for professional and personal fulfilment, generating returns and significant impact in terms of increase in the number of young companies with strong social responsibility and ethics when doing business.<br \/>\nIn addition, the process of transnational cooperation between partners will promote opportunities for mobility, comparison, exchange and sharing of ideas, experiences and projects among the young European project beneficiaries.<\/p>\n<p>[\/vc_column_text][\/vc_column][vc_column width=&#8221;1\/2&#8243;][vc_single_image image=&#8221;12251&#8243; img_size=&#8221;full&#8221; img_link_large=&#8221;&#8221; img_link_target=&#8221;prettyphoto&#8221; alignment=&#8221;center&#8221;][vc_button2 title=&#8221;WEBSITE&#8221; align=&#8221;center&#8221; style=&#8221;outlined&#8221; color=&#8221;blue&#8221; size=&#8221;md&#8221; link=&#8221;url:http%3A%2F%2Fyebe.eu%2F||target:%20_blank&#8221;][\/vc_column][\/vc_row][vc_row][vc_column width=&#8221;1\/1&#8243;][vc_tabs interval=&#8221;0&#8243;][vc_tab title=&#8221;Scheda 2&#8243; tab_id=&#8221;1427449102878-5&#8243; mode=&#8221;icon&#8221; icon=&#8221;fa fa-file-text&#8221;][vc_row_inner][vc_column_inner width=&#8221;1\/1&#8243;][vc_column_text]<\/p>\n<h3>REFERENCE PROGRAMME<\/h3>\n<p>Erasmus + KA2 Strategic Partnerships for Youth, codice n. 2015-3-DE04-KA205-013236[\/vc_column_text][\/vc_column_inner][\/vc_row_inner][\/vc_tab][vc_tab title=&#8221;Scheda&#8221; tab_id=&#8221;1427449206448-2-0&#8243; mode=&#8221;icon&#8221; icon=&#8221;fa fa-users&#8221;][vc_row_inner][vc_column_inner width=&#8221;1\/1&#8243;][vc_column_text]<\/p>\n<h3 align=\"left\">NATIONAL AND INTERNATIONAL PARTNERS<\/h3>\n<ul>\n<li class=\"p1\"><strong>Bund Katholischer Unternehmer<\/strong> (DE) (soggetto capofila)<\/li>\n<li class=\"p1\"><strong>Center for Corporate Citizenship e.V<\/strong>. (DE)<\/li>\n<li class=\"p1\"><strong>UCID &#8211; Unione Cristiana Imprenditori e Dirigenti<\/strong> (IT)<\/li>\n<li class=\"p1\"><strong>CONFORM Consulenza Formazione e Management S.C.A.R.L<\/strong> (IT)<\/li>\n<li class=\"p1\"><strong>Kereszt\u00e9ny Ertekmegorzo Egyes\u00fclet<\/strong> (HU)<\/li>\n<li class=\"p1\"><strong>Napra Forg\u00f3 Rehabilit\u00e1ci\u00f3s Szolg\u00e1ltat\u00f3 Nonprofit K\u00f6zhaszn\u00fa Kft.<\/strong> (HU)<\/li>\n<li class=\"p1\"><strong>Zdruzenje krscanskih poslovnezev Slovenije<\/strong> (Slovenia)<\/li>\n<li class=\"p1\"><strong>Socialna akademija &#8211; zavod za izobrazevanje, raziskovanje in kulturo<\/strong> (SI)<\/li>\n<li class=\"p1\"><strong>ADIC<\/strong> (BE)<\/li>\n<\/ul>\n<p>[\/vc_column_text][\/vc_column_inner][\/vc_row_inner][\/vc_tab][\/vc_tabs][\/vc_column][\/vc_row]<\/p>\n<\/div>","protected":false},"excerpt":{"rendered":"<p>[vc_row full_width=&#8221;&#8221; css=&#8221;.vc_custom_1428421429457{margin-top: 0px !important;margin-right: 0px !important;margin-bottom: 50px !important;margin-left: 0px !important;padding-top: 0px !important;padding-right: 0px !important;padding-bottom: 0px !important;padding-left: 0px !important;}&#8221; alt_color=&#8221;&#8221; alt_bg_color=&#8221;&#8221; parallax=&#8221;&#8221; full_screen=&#8221;&#8221; mask_style=&#8221;50&#8243;][vc_column width=&#8221;1\/1&#8243; css=&#8221;.vc_custom_1430155165669{margin-left: 0px !important;padding-left: 0px !important;}&#8221; alt_color=&#8221;&#8221; alt_bg_color=&#8221;&#8221;][vc_raw_js] JTNDYSUyMHN0eWxlJTNEJTIyZm9udC1zaXplJTNBMTRweCUzQiUyMiUyMGhyZWYlM0QlMjJqYXZhc2NyaXB0JTNBaGlzdG9yeS5nbyUyOC0xJTI5JTIyJTIwb25Nb3VzZU92ZXIlM0QlMjJzZWxmLnN0YXR1cyUzRGRvY3VtZW50LnJlZmVycmVyJTNCcmV0dXJuJTIwdHJ1ZSUyMiUzRSUzQ2klMjBjbGFzcyUzRCUyMmZhJTIwZmEtY2hldnJvbi1sZWZ0JTIyJTNFJTNDJTJGaSUzRSUyMEdvJTIwYmFjayUzQyUyRmElM0U= [\/vc_raw_js][\/vc_column][\/vc_row][vc_row][vc_column width=&#8221;1\/2&#8243;][vc_column_text] The YEBE &#8211; Youth for Entrepreneurship and Business Ethics project aims to implement an innovative program of non-formal education, to [&hellip;]<\/p>\n","protected":false},"author":1,"featured_media":19795,"parent":26237,"menu_order":0,"comment_status":"closed","ping_status":"closed","template":"full-width.php","meta":{"_acf_changed":false,"footnotes":""},"class_list":["post-12425","page","type-page","status-publish","has-post-thumbnail","hentry"],"acf":[],"yoast_head":"<!-- This site is optimized with the Yoast SEO plugin v27.1.1 - https:\/\/yoast.com\/product\/yoast-seo-wordpress\/ -->\n<title>YEBE - CONFORM<\/title>\n<meta name=\"robots\" content=\"index, follow, max-snippet:-1, max-image-preview:large, max-video-preview:-1\" \/>\n<link rel=\"canonical\" href=\"https:\/\/conform.it\/en\/international-projects\/yebe\/\" \/>\n<meta property=\"og:locale\" content=\"en_US\" \/>\n<meta property=\"og:type\" content=\"article\" \/>\n<meta property=\"og:title\" content=\"YEBE - CONFORM\" \/>\n<meta property=\"og:description\" content=\"[vc_row full_width=&#8221;&#8221; css=&#8221;.vc_custom_1428421429457{margin-top: 0px !important;margin-right: 0px !important;margin-bottom: 50px !important;margin-left: 0px !important;padding-top: 0px !important;padding-right: 0px !important;padding-bottom: 0px !important;padding-left: 0px !important;}&#8221; alt_color=&#8221;&#8221; alt_bg_color=&#8221;&#8221; parallax=&#8221;&#8221; full_screen=&#8221;&#8221; mask_style=&#8221;50&#8243;][vc_column width=&#8221;1\/1&#8243; css=&#8221;.vc_custom_1430155165669{margin-left: 0px !important;padding-left: 0px !important;}&#8221; alt_color=&#8221;&#8221; alt_bg_color=&#8221;&#8221;][vc_raw_js] JTNDYSUyMHN0eWxlJTNEJTIyZm9udC1zaXplJTNBMTRweCUzQiUyMiUyMGhyZWYlM0QlMjJqYXZhc2NyaXB0JTNBaGlzdG9yeS5nbyUyOC0xJTI5JTIyJTIwb25Nb3VzZU92ZXIlM0QlMjJzZWxmLnN0YXR1cyUzRGRvY3VtZW50LnJlZmVycmVyJTNCcmV0dXJuJTIwdHJ1ZSUyMiUzRSUzQ2klMjBjbGFzcyUzRCUyMmZhJTIwZmEtY2hldnJvbi1sZWZ0JTIyJTNFJTNDJTJGaSUzRSUyMEdvJTIwYmFjayUzQyUyRmElM0U= [\/vc_raw_js][\/vc_column][\/vc_row][vc_row][vc_column width=&#8221;1\/2&#8243;][vc_column_text] The YEBE &#8211; Youth for Entrepreneurship and Business Ethics project aims to implement an innovative program of non-formal education, to [&hellip;]\" \/>\n<meta property=\"og:url\" content=\"https:\/\/conform.it\/en\/international-projects\/yebe\/\" \/>\n<meta property=\"og:site_name\" content=\"CONFORM\" \/>\n<meta property=\"article:modified_time\" content=\"2023-07-26T10:21:34+00:00\" \/>\n<meta property=\"og:image\" content=\"https:\/\/conform.it\/wp-content\/uploads\/2020\/03\/img-portali_yebe.jpg\" \/>\n\t<meta property=\"og:image:width\" content=\"800\" \/>\n\t<meta property=\"og:image:height\" content=\"800\" \/>\n\t<meta property=\"og:image:type\" content=\"image\/jpeg\" \/>\n<meta name=\"twitter:card\" content=\"summary_large_image\" \/>\n<meta name=\"twitter:label1\" content=\"Est. reading time\" \/>\n\t<meta name=\"twitter:data1\" content=\"2 minutes\" \/>\n<script type=\"application\/ld+json\" class=\"yoast-schema-graph\">{\"@context\":\"https:\/\/schema.org\",\"@graph\":[{\"@type\":\"WebPage\",\"@id\":\"https:\/\/conform.it\/en\/international-projects\/yebe\/\",\"url\":\"https:\/\/conform.it\/en\/international-projects\/yebe\/\",\"name\":\"YEBE - CONFORM\",\"isPartOf\":{\"@id\":\"https:\/\/conform.it\/#website\"},\"primaryImageOfPage\":{\"@id\":\"https:\/\/conform.it\/en\/international-projects\/yebe\/#primaryimage\"},\"image\":{\"@id\":\"https:\/\/conform.it\/en\/international-projects\/yebe\/#primaryimage\"},\"thumbnailUrl\":\"https:\/\/conform.it\/wp-content\/uploads\/2020\/03\/img-portali_yebe.jpg\",\"datePublished\":\"2017-01-23T16:46:34+00:00\",\"dateModified\":\"2023-07-26T10:21:34+00:00\",\"breadcrumb\":{\"@id\":\"https:\/\/conform.it\/en\/international-projects\/yebe\/#breadcrumb\"},\"inLanguage\":\"en-US\",\"potentialAction\":[{\"@type\":\"ReadAction\",\"target\":[\"https:\/\/conform.it\/en\/international-projects\/yebe\/\"]}]},{\"@type\":\"ImageObject\",\"inLanguage\":\"en-US\",\"@id\":\"https:\/\/conform.it\/en\/international-projects\/yebe\/#primaryimage\",\"url\":\"https:\/\/conform.it\/wp-content\/uploads\/2020\/03\/img-portali_yebe.jpg\",\"contentUrl\":\"https:\/\/conform.it\/wp-content\/uploads\/2020\/03\/img-portali_yebe.jpg\",\"width\":800,\"height\":800,\"caption\":\"yebe\"},{\"@type\":\"BreadcrumbList\",\"@id\":\"https:\/\/conform.it\/en\/international-projects\/yebe\/#breadcrumb\",\"itemListElement\":[{\"@type\":\"ListItem\",\"position\":1,\"name\":\"Home\",\"item\":\"https:\/\/conform.it\/en\/\"},{\"@type\":\"ListItem\",\"position\":2,\"name\":\"INTERNATIONAL PROJECTS\",\"item\":\"https:\/\/conform.it\/en\/international-projects\/\"},{\"@type\":\"ListItem\",\"position\":3,\"name\":\"YEBE\"}]},{\"@type\":\"WebSite\",\"@id\":\"https:\/\/conform.it\/#website\",\"url\":\"https:\/\/conform.it\/\",\"name\":\"CONFORM\",\"description\":\"Consulenza formazione e management S.c.a.r.l.\",\"publisher\":{\"@id\":\"https:\/\/conform.it\/#organization\"},\"potentialAction\":[{\"@type\":\"SearchAction\",\"target\":{\"@type\":\"EntryPoint\",\"urlTemplate\":\"https:\/\/conform.it\/?s={search_term_string}\"},\"query-input\":{\"@type\":\"PropertyValueSpecification\",\"valueRequired\":true,\"valueName\":\"search_term_string\"}}],\"inLanguage\":\"en-US\"},{\"@type\":\"Organization\",\"@id\":\"https:\/\/conform.it\/#organization\",\"name\":\"CONFORM - Consulenza Formazione e Management S.c.a.r.l.\",\"url\":\"https:\/\/conform.it\/\",\"logo\":{\"@type\":\"ImageObject\",\"inLanguage\":\"en-US\",\"@id\":\"https:\/\/conform.it\/#\/schema\/logo\/image\/\",\"url\":\"https:\/\/conform.it\/wp-content\/uploads\/2015\/02\/logo-conform-sticky-retina.png\",\"contentUrl\":\"https:\/\/conform.it\/wp-content\/uploads\/2015\/02\/logo-conform-sticky-retina.png\",\"width\":189,\"height\":64,\"caption\":\"CONFORM - Consulenza Formazione e Management S.c.a.r.l.\"},\"image\":{\"@id\":\"https:\/\/conform.it\/#\/schema\/logo\/image\/\"}}]}<\/script>\n<!-- \/ Yoast SEO plugin. -->","yoast_head_json":{"title":"YEBE - CONFORM","robots":{"index":"index","follow":"follow","max-snippet":"max-snippet:-1","max-image-preview":"max-image-preview:large","max-video-preview":"max-video-preview:-1"},"canonical":"https:\/\/conform.it\/en\/international-projects\/yebe\/","og_locale":"en_US","og_type":"article","og_title":"YEBE - CONFORM","og_description":"[vc_row full_width=&#8221;&#8221; css=&#8221;.vc_custom_1428421429457{margin-top: 0px !important;margin-right: 0px !important;margin-bottom: 50px !important;margin-left: 0px !important;padding-top: 0px !important;padding-right: 0px !important;padding-bottom: 0px !important;padding-left: 0px !important;}&#8221; alt_color=&#8221;&#8221; alt_bg_color=&#8221;&#8221; parallax=&#8221;&#8221; full_screen=&#8221;&#8221; mask_style=&#8221;50&#8243;][vc_column width=&#8221;1\/1&#8243; css=&#8221;.vc_custom_1430155165669{margin-left: 0px !important;padding-left: 0px !important;}&#8221; alt_color=&#8221;&#8221; alt_bg_color=&#8221;&#8221;][vc_raw_js] JTNDYSUyMHN0eWxlJTNEJTIyZm9udC1zaXplJTNBMTRweCUzQiUyMiUyMGhyZWYlM0QlMjJqYXZhc2NyaXB0JTNBaGlzdG9yeS5nbyUyOC0xJTI5JTIyJTIwb25Nb3VzZU92ZXIlM0QlMjJzZWxmLnN0YXR1cyUzRGRvY3VtZW50LnJlZmVycmVyJTNCcmV0dXJuJTIwdHJ1ZSUyMiUzRSUzQ2klMjBjbGFzcyUzRCUyMmZhJTIwZmEtY2hldnJvbi1sZWZ0JTIyJTNFJTNDJTJGaSUzRSUyMEdvJTIwYmFjayUzQyUyRmElM0U= [\/vc_raw_js][\/vc_column][\/vc_row][vc_row][vc_column width=&#8221;1\/2&#8243;][vc_column_text] The YEBE &#8211; Youth for Entrepreneurship and Business Ethics project aims to implement an innovative program of non-formal education, to [&hellip;]","og_url":"https:\/\/conform.it\/en\/international-projects\/yebe\/","og_site_name":"CONFORM","article_modified_time":"2023-07-26T10:21:34+00:00","og_image":[{"width":800,"height":800,"url":"https:\/\/conform.it\/wp-content\/uploads\/2020\/03\/img-portali_yebe.jpg","type":"image\/jpeg"}],"twitter_card":"summary_large_image","twitter_misc":{"Est. reading time":"2 minutes"},"schema":{"@context":"https:\/\/schema.org","@graph":[{"@type":"WebPage","@id":"https:\/\/conform.it\/en\/international-projects\/yebe\/","url":"https:\/\/conform.it\/en\/international-projects\/yebe\/","name":"YEBE - CONFORM","isPartOf":{"@id":"https:\/\/conform.it\/#website"},"primaryImageOfPage":{"@id":"https:\/\/conform.it\/en\/international-projects\/yebe\/#primaryimage"},"image":{"@id":"https:\/\/conform.it\/en\/international-projects\/yebe\/#primaryimage"},"thumbnailUrl":"https:\/\/conform.it\/wp-content\/uploads\/2020\/03\/img-portali_yebe.jpg","datePublished":"2017-01-23T16:46:34+00:00","dateModified":"2023-07-26T10:21:34+00:00","breadcrumb":{"@id":"https:\/\/conform.it\/en\/international-projects\/yebe\/#breadcrumb"},"inLanguage":"en-US","potentialAction":[{"@type":"ReadAction","target":["https:\/\/conform.it\/en\/international-projects\/yebe\/"]}]},{"@type":"ImageObject","inLanguage":"en-US","@id":"https:\/\/conform.it\/en\/international-projects\/yebe\/#primaryimage","url":"https:\/\/conform.it\/wp-content\/uploads\/2020\/03\/img-portali_yebe.jpg","contentUrl":"https:\/\/conform.it\/wp-content\/uploads\/2020\/03\/img-portali_yebe.jpg","width":800,"height":800,"caption":"yebe"},{"@type":"BreadcrumbList","@id":"https:\/\/conform.it\/en\/international-projects\/yebe\/#breadcrumb","itemListElement":[{"@type":"ListItem","position":1,"name":"Home","item":"https:\/\/conform.it\/en\/"},{"@type":"ListItem","position":2,"name":"INTERNATIONAL PROJECTS","item":"https:\/\/conform.it\/en\/international-projects\/"},{"@type":"ListItem","position":3,"name":"YEBE"}]},{"@type":"WebSite","@id":"https:\/\/conform.it\/#website","url":"https:\/\/conform.it\/","name":"CONFORM","description":"Consulenza formazione e management S.c.a.r.l.","publisher":{"@id":"https:\/\/conform.it\/#organization"},"potentialAction":[{"@type":"SearchAction","target":{"@type":"EntryPoint","urlTemplate":"https:\/\/conform.it\/?s={search_term_string}"},"query-input":{"@type":"PropertyValueSpecification","valueRequired":true,"valueName":"search_term_string"}}],"inLanguage":"en-US"},{"@type":"Organization","@id":"https:\/\/conform.it\/#organization","name":"CONFORM - Consulenza Formazione e Management S.c.a.r.l.","url":"https:\/\/conform.it\/","logo":{"@type":"ImageObject","inLanguage":"en-US","@id":"https:\/\/conform.it\/#\/schema\/logo\/image\/","url":"https:\/\/conform.it\/wp-content\/uploads\/2015\/02\/logo-conform-sticky-retina.png","contentUrl":"https:\/\/conform.it\/wp-content\/uploads\/2015\/02\/logo-conform-sticky-retina.png","width":189,"height":64,"caption":"CONFORM - Consulenza Formazione e Management S.c.a.r.l."},"image":{"@id":"https:\/\/conform.it\/#\/schema\/logo\/image\/"}}]}},"_links":{"self":[{"href":"https:\/\/conform.it\/en\/wp-json\/wp\/v2\/pages\/12425","targetHints":{"allow":["GET"]}}],"collection":[{"href":"https:\/\/conform.it\/en\/wp-json\/wp\/v2\/pages"}],"about":[{"href":"https:\/\/conform.it\/en\/wp-json\/wp\/v2\/types\/page"}],"author":[{"embeddable":true,"href":"https:\/\/conform.it\/en\/wp-json\/wp\/v2\/users\/1"}],"replies":[{"embeddable":true,"href":"https:\/\/conform.it\/en\/wp-json\/wp\/v2\/comments?post=12425"}],"version-history":[{"count":5,"href":"https:\/\/conform.it\/en\/wp-json\/wp\/v2\/pages\/12425\/revisions"}],"predecessor-version":[{"id":26272,"href":"https:\/\/conform.it\/en\/wp-json\/wp\/v2\/pages\/12425\/revisions\/26272"}],"up":[{"embeddable":true,"href":"https:\/\/conform.it\/en\/wp-json\/wp\/v2\/pages\/26237"}],"wp:featuredmedia":[{"embeddable":true,"href":"https:\/\/conform.it\/en\/wp-json\/wp\/v2\/media\/19795"}],"wp:attachment":[{"href":"https:\/\/conform.it\/en\/wp-json\/wp\/v2\/media?parent=12425"}],"curies":[{"name":"wp","href":"https:\/\/api.w.org\/{rel}","templated":true}]}}