{"id":10196,"date":"2016-02-05T15:46:54","date_gmt":"2016-02-05T14:46:54","guid":{"rendered":"https:\/\/conform.it\/en\/?page_id=10196"},"modified":"2023-07-26T12:22:36","modified_gmt":"2023-07-26T10:22:36","slug":"fabula","status":"publish","type":"page","link":"https:\/\/conform.it\/en\/international-projects\/fabula\/","title":{"rendered":"FABULA"},"content":{"rendered":"<div class=\"wpb-content-wrapper\"><p>[vc_row full_width=&#8221;&#8221; css=&#8221;.vc_custom_1428421429457{margin-top: 0px !important;margin-right: 0px !important;margin-bottom: 50px !important;margin-left: 0px !important;padding-top: 0px !important;padding-right: 0px !important;padding-bottom: 0px !important;padding-left: 0px !important;}&#8221; alt_color=&#8221;&#8221; alt_bg_color=&#8221;&#8221; parallax=&#8221;&#8221; full_screen=&#8221;&#8221; mask_style=&#8221;50&#8243;][vc_column width=&#8221;1\/1&#8243; css=&#8221;.vc_custom_1430155165669{margin-left: 0px !important;padding-left: 0px !important;}&#8221; alt_color=&#8221;&#8221; alt_bg_color=&#8221;&#8221;][vc_raw_js]JTNDYSUyMHN0eWxlJTNEJTIyZm9udC1zaXplJTNBMTRweCUzQiUyMiUyMGhyZWYlM0QlMjJqYXZhc2NyaXB0JTNBaGlzdG9yeS5nbyUyOC0xJTI5JTIyJTIwb25Nb3VzZU92ZXIlM0QlMjJzZWxmLnN0YXR1cyUzRGRvY3VtZW50LnJlZmVycmVyJTNCcmV0dXJuJTIwdHJ1ZSUyMiUzRSUzQ2klMjBjbGFzcyUzRCUyMmZhJTIwZmEtY2hldnJvbi1sZWZ0JTIyJTNFJTNDJTJGaSUzRSUyMEdvJTIwYmFjayUzQyUyRmElM0U=<\/p>\n<p>[\/vc_raw_js][\/vc_column][\/vc_row][vc_row][vc_column width=&#8221;1\/2&#8243;][vc_column_text]The\u00a0\u201c<strong>F.A.BU.L.A \u2013 Financial Business Learning Activities<\/strong>\u201d\u00a0project intends to engage, motivate and stimulate young people of Primary Schools in\u00a0entrepreneurship\u00a0and\u00a0financial literacy, removing the idea of a closed, complex, elitist, decontextualised finance from daily life and activities, by adopting an integrated teaching model of entrepreneurial skills and economic\/financial knowledge able to:<\/p>\n<ul style=\"text-align: justify;\">\n<li><span class=\"sc_highlight sc_highlight_style_2\">profoundly evolve learning methods, tools and situations\u00a0and favour interdisciplinary, interactive and integrated teaching<\/span><\/li>\n<li>favour the\u00a0development of\u00a0Financial Capability\u00a0of young\u00a0people in classes IV and V of\u00a0primary schools, by creating\u00a0learning objectives that develop:<\/li>\n<\/ul>\n<p style=\"text-align: justify;\">a) literacy of money and prices<br \/>\nb) ability to plan the future<br \/>\nc) ability to manage a small budget<br \/>\nd) ability to avoid debt<br \/>\ne) ability to manage present and future spending.<\/p>\n<div class=\"wpb_text_column wpb_content_element \">\n<div class=\"wpb_wrapper\">\n<p>The\u00a0\u201c<strong>F.A.BU.L.A \u2013 Financial\u00a0Business Learning\u00a0Activities<\/strong>\u201d\u00a0project, thus intends to\u00a0help new generations to\u00a0understand how to make financial\u00a0choices that are more and more\u00a0complex and demanding in the\u00a0best possible way, thus favouring a\u00a0process of knowledge and\u00a0approach to financial matters that\u00a0guides them in:<\/p>\n<ul style=\"text-align: justify;\">\n<li>the best use of different\u00a0products<\/li>\n<li>acquiring greater awareness\u00a0of\u00a0risks<\/li>\n<\/ul>\n<p>via an\u00a0innovative learning,\u00a0based on the\u00a0edutainment, logic\u00a0educating, entertaining,\u00a0integrating\u00a0financial literacy in a\u00a0wider\u00a0education on\u00a0entrepreneurship\u00a0and\u00a0active\u00a0citizenship training<\/p>\n<\/div>\n<\/div>\n<p>[\/vc_column_text][\/vc_column][vc_column width=&#8221;1\/2&#8243;][vc_single_image image=&#8221;8459&#8243; img_size=&#8221;full&#8221; img_link_large=&#8221;&#8221; img_link_target=&#8221;prettyphoto&#8221; alignment=&#8221;center&#8221;][vc_button2 title=&#8221;WEBSITE&#8221; align=&#8221;center&#8221; style=&#8221;outlined&#8221; color=&#8221;blue&#8221; size=&#8221;md&#8221; link=&#8221;url:http%3A%2F%2Ffabula.conform.it%2F||target:%20_blank&#8221;][\/vc_column][\/vc_row][vc_row][vc_column width=&#8221;1\/1&#8243;][vc_tabs interval=&#8221;0&#8243;][vc_tab title=&#8221;Scheda 1&#8243; tab_id=&#8221;1427449102734-2&#8243; mode=&#8221;icon&#8221; icon=&#8221;fa fa-file-pdf-o&#8221;][vc_row_inner][vc_column_inner width=&#8221;1\/1&#8243;][vc_column_text]<\/p>\n<h3><a href=\"http:\/\/fabula.conform.it\/wp-content\/uploads\/2017\/03\/Brochure_Fabula_EN.pdf\" target=\"_blank\" rel=\"noopener\">DOWNLOAD THE BROCHURE<\/a><\/h3>\n<p>[\/vc_column_text][\/vc_column_inner][\/vc_row_inner][\/vc_tab][vc_tab title=&#8221;Scheda 2&#8243; tab_id=&#8221;1427449102878-5&#8243; mode=&#8221;icon&#8221; icon=&#8221;fa fa-file-text&#8221;][vc_row_inner][vc_column_inner width=&#8221;1\/1&#8243;][vc_column_text]<\/p>\n<h3>REFERENCE PROGRAMME<\/h3>\n<p>Erasmus+ KA2 \u2013 Strategic PartnershipS in School Education (Strategic Partnerships sectoral or transectoral approach), i.d. code n. 2015-1-IT02-KA201-015397[\/vc_column_text][\/vc_column_inner][\/vc_row_inner][\/vc_tab][vc_tab title=&#8221;Scheda&#8221; tab_id=&#8221;1427449206448-2-0&#8243; mode=&#8221;icon&#8221; icon=&#8221;fa fa-users&#8221;][vc_row_inner][vc_column_inner width=&#8221;1\/1&#8243;][vc_column_text]<\/p>\n<h3 align=\"left\">NATIONAL AND INTERNATIONAL PARTNERS<\/h3>\n<p><strong>Istituto Suor Orsola Benincasa<\/strong> (IT)<\/p>\n<p><strong>Provincia di Salerno<\/strong> (IT)<\/p>\n<p><strong>CONFORM<\/strong> \u2013 Consulenza, Formazione e Management S.c.a.r.l. (IT)<\/p>\n<p><strong>Young Enterprise Northern Ireland Ltd<\/strong> (UK)<\/p>\n<p><strong>Glenwood School<\/strong> (UK)<\/p>\n<p><strong>CCEA-Northern Ireland council for the Curriculum Examinations and Assessment<\/strong> (FI)<\/p>\n<p><strong>Aydin Efeler Ilce Milli Egitim Mudurlugu<\/strong> (TR)<\/p>\n<p><strong>Association of Ayd\u0131n Young Businessman<\/strong> (TR)<\/p>\n<p><strong>DR. Fevzi M\u00fcr\u00fcvet U\u011furo\u011flu Secondary school<\/strong> (TR)<\/p>\n<p><strong>Colegio Caude<\/strong> (ES)<\/p>\n<p><strong>Ayuntamiento de Majadahonda<\/strong> (ES)<\/p>\n<div data-canvas-width=\"529.89\"><strong>Formaci\u00f3n y Education Integral (FEI)<\/strong> (ES)<\/div>\n<p>[\/vc_column_text][\/vc_column_inner][\/vc_row_inner][\/vc_tab][vc_tab title=&#8221;Scheda&#8221; tab_id=&#8221;1487931918192-4-10&#8243; mode=&#8221;icon&#8221; icon=&#8221;fa fa-gamepad&#8221;][vc_row_inner][vc_column_inner width=&#8221;1\/1&#8243;][vc_column_text]<\/p>\n<h3><a href=\"http:\/\/fabula.conform.it\/fedro\/fabula-game\/\" target=\"_blank\" rel=\"noopener\">THE FABULA GAME<\/a><\/h3>\n<p>[\/vc_column_text][\/vc_column_inner][\/vc_row_inner][\/vc_tab][vc_tab title=&#8221;Scheda&#8221; tab_id=&#8221;1427449283262-3-7&#8243; mode=&#8221;icon&#8221; icon=&#8221;fa fa-desktop&#8221;][vc_row_inner][vc_column_inner width=&#8221;1\/1&#8243;][vc_column_text]<\/p>\n<h3>LEARNING ENVIRONMENT<\/h3>\n<h4><a href=\"http:\/\/www.risorse.conform.it\/DemoWeb\/FABULA\/IT\/FIELDS_imprenditoria\/story.html\" target=\"_blank\" rel=\"noopener\">EDUCATION ON ENTREPRENEURSHIP<\/a><\/h4>\n<h4><a href=\"http:\/\/www.risorse.conform.it\/DemoWeb\/FABULA\/IT\/FIELDS_Ed_finanziaria\/story.html\" target=\"_blank\" rel=\"noopener\">FINANCIAL EDUCATION<\/a><\/h4>\n<p>[\/vc_column_text][\/vc_column_inner][\/vc_row_inner][\/vc_tab][\/vc_tabs][\/vc_column][\/vc_row]<\/p>\n<\/div>","protected":false},"excerpt":{"rendered":"<p>[vc_row full_width=&#8221;&#8221; css=&#8221;.vc_custom_1428421429457{margin-top: 0px !important;margin-right: 0px !important;margin-bottom: 50px !important;margin-left: 0px !important;padding-top: 0px !important;padding-right: 0px !important;padding-bottom: 0px !important;padding-left: 0px !important;}&#8221; alt_color=&#8221;&#8221; alt_bg_color=&#8221;&#8221; parallax=&#8221;&#8221; full_screen=&#8221;&#8221; mask_style=&#8221;50&#8243;][vc_column width=&#8221;1\/1&#8243; css=&#8221;.vc_custom_1430155165669{margin-left: 0px !important;padding-left: 0px !important;}&#8221; alt_color=&#8221;&#8221; alt_bg_color=&#8221;&#8221;][vc_raw_js]JTNDYSUyMHN0eWxlJTNEJTIyZm9udC1zaXplJTNBMTRweCUzQiUyMiUyMGhyZWYlM0QlMjJqYXZhc2NyaXB0JTNBaGlzdG9yeS5nbyUyOC0xJTI5JTIyJTIwb25Nb3VzZU92ZXIlM0QlMjJzZWxmLnN0YXR1cyUzRGRvY3VtZW50LnJlZmVycmVyJTNCcmV0dXJuJTIwdHJ1ZSUyMiUzRSUzQ2klMjBjbGFzcyUzRCUyMmZhJTIwZmEtY2hldnJvbi1sZWZ0JTIyJTNFJTNDJTJGaSUzRSUyMEdvJTIwYmFjayUzQyUyRmElM0U= [\/vc_raw_js][\/vc_column][\/vc_row][vc_row][vc_column width=&#8221;1\/2&#8243;][vc_column_text]The\u00a0\u201cF.A.BU.L.A \u2013 Financial Business Learning Activities\u201d\u00a0project intends to engage, motivate and stimulate young people of Primary Schools in\u00a0entrepreneurship\u00a0and\u00a0financial literacy, removing the idea [&hellip;]<\/p>\n","protected":false},"author":1,"featured_media":14591,"parent":26237,"menu_order":0,"comment_status":"closed","ping_status":"closed","template":"full-width.php","meta":{"_acf_changed":false,"footnotes":""},"class_list":["post-10196","page","type-page","status-publish","has-post-thumbnail","hentry"],"acf":[],"yoast_head":"<!-- This site is optimized with the Yoast SEO plugin v27.1.1 - https:\/\/yoast.com\/product\/yoast-seo-wordpress\/ -->\n<title>FABULA - CONFORM<\/title>\n<meta name=\"robots\" content=\"index, follow, max-snippet:-1, max-image-preview:large, max-video-preview:-1\" \/>\n<link rel=\"canonical\" href=\"https:\/\/conform.it\/en\/international-projects\/fabula\/\" \/>\n<meta property=\"og:locale\" content=\"en_US\" \/>\n<meta property=\"og:type\" content=\"article\" \/>\n<meta property=\"og:title\" content=\"FABULA - CONFORM\" \/>\n<meta property=\"og:description\" content=\"[vc_row full_width=&#8221;&#8221; css=&#8221;.vc_custom_1428421429457{margin-top: 0px !important;margin-right: 0px !important;margin-bottom: 50px !important;margin-left: 0px !important;padding-top: 0px !important;padding-right: 0px !important;padding-bottom: 0px !important;padding-left: 0px !important;}&#8221; alt_color=&#8221;&#8221; alt_bg_color=&#8221;&#8221; parallax=&#8221;&#8221; full_screen=&#8221;&#8221; mask_style=&#8221;50&#8243;][vc_column width=&#8221;1\/1&#8243; css=&#8221;.vc_custom_1430155165669{margin-left: 0px !important;padding-left: 0px !important;}&#8221; alt_color=&#8221;&#8221; alt_bg_color=&#8221;&#8221;][vc_raw_js]JTNDYSUyMHN0eWxlJTNEJTIyZm9udC1zaXplJTNBMTRweCUzQiUyMiUyMGhyZWYlM0QlMjJqYXZhc2NyaXB0JTNBaGlzdG9yeS5nbyUyOC0xJTI5JTIyJTIwb25Nb3VzZU92ZXIlM0QlMjJzZWxmLnN0YXR1cyUzRGRvY3VtZW50LnJlZmVycmVyJTNCcmV0dXJuJTIwdHJ1ZSUyMiUzRSUzQ2klMjBjbGFzcyUzRCUyMmZhJTIwZmEtY2hldnJvbi1sZWZ0JTIyJTNFJTNDJTJGaSUzRSUyMEdvJTIwYmFjayUzQyUyRmElM0U= [\/vc_raw_js][\/vc_column][\/vc_row][vc_row][vc_column width=&#8221;1\/2&#8243;][vc_column_text]The\u00a0\u201cF.A.BU.L.A \u2013 Financial Business Learning Activities\u201d\u00a0project intends to engage, motivate and stimulate young people of Primary Schools in\u00a0entrepreneurship\u00a0and\u00a0financial literacy, removing the idea [&hellip;]\" \/>\n<meta property=\"og:url\" content=\"https:\/\/conform.it\/en\/international-projects\/fabula\/\" \/>\n<meta property=\"og:site_name\" content=\"CONFORM\" \/>\n<meta property=\"article:modified_time\" content=\"2023-07-26T10:22:36+00:00\" \/>\n<meta property=\"og:image\" content=\"https:\/\/conform.it\/wp-content\/uploads\/2019\/12\/img-portali_fabula.jpg\" \/>\n\t<meta property=\"og:image:width\" content=\"800\" \/>\n\t<meta property=\"og:image:height\" content=\"800\" \/>\n\t<meta property=\"og:image:type\" content=\"image\/jpeg\" \/>\n<meta name=\"twitter:card\" content=\"summary_large_image\" \/>\n<meta name=\"twitter:label1\" content=\"Est. reading time\" \/>\n\t<meta name=\"twitter:data1\" content=\"3 minutes\" \/>\n<script type=\"application\/ld+json\" class=\"yoast-schema-graph\">{\"@context\":\"https:\/\/schema.org\",\"@graph\":[{\"@type\":\"WebPage\",\"@id\":\"https:\/\/conform.it\/en\/international-projects\/fabula\/\",\"url\":\"https:\/\/conform.it\/en\/international-projects\/fabula\/\",\"name\":\"FABULA - CONFORM\",\"isPartOf\":{\"@id\":\"https:\/\/conform.it\/#website\"},\"primaryImageOfPage\":{\"@id\":\"https:\/\/conform.it\/en\/international-projects\/fabula\/#primaryimage\"},\"image\":{\"@id\":\"https:\/\/conform.it\/en\/international-projects\/fabula\/#primaryimage\"},\"thumbnailUrl\":\"https:\/\/conform.it\/wp-content\/uploads\/2019\/12\/img-portali_fabula.jpg\",\"datePublished\":\"2016-02-05T14:46:54+00:00\",\"dateModified\":\"2023-07-26T10:22:36+00:00\",\"breadcrumb\":{\"@id\":\"https:\/\/conform.it\/en\/international-projects\/fabula\/#breadcrumb\"},\"inLanguage\":\"en-US\",\"potentialAction\":[{\"@type\":\"ReadAction\",\"target\":[\"https:\/\/conform.it\/en\/international-projects\/fabula\/\"]}]},{\"@type\":\"ImageObject\",\"inLanguage\":\"en-US\",\"@id\":\"https:\/\/conform.it\/en\/international-projects\/fabula\/#primaryimage\",\"url\":\"https:\/\/conform.it\/wp-content\/uploads\/2019\/12\/img-portali_fabula.jpg\",\"contentUrl\":\"https:\/\/conform.it\/wp-content\/uploads\/2019\/12\/img-portali_fabula.jpg\",\"width\":800,\"height\":800,\"caption\":\"fabula\"},{\"@type\":\"BreadcrumbList\",\"@id\":\"https:\/\/conform.it\/en\/international-projects\/fabula\/#breadcrumb\",\"itemListElement\":[{\"@type\":\"ListItem\",\"position\":1,\"name\":\"Home\",\"item\":\"https:\/\/conform.it\/en\/\"},{\"@type\":\"ListItem\",\"position\":2,\"name\":\"INTERNATIONAL PROJECTS\",\"item\":\"https:\/\/conform.it\/en\/international-projects\/\"},{\"@type\":\"ListItem\",\"position\":3,\"name\":\"FABULA\"}]},{\"@type\":\"WebSite\",\"@id\":\"https:\/\/conform.it\/#website\",\"url\":\"https:\/\/conform.it\/\",\"name\":\"CONFORM\",\"description\":\"Consulenza formazione e management S.c.a.r.l.\",\"publisher\":{\"@id\":\"https:\/\/conform.it\/#organization\"},\"potentialAction\":[{\"@type\":\"SearchAction\",\"target\":{\"@type\":\"EntryPoint\",\"urlTemplate\":\"https:\/\/conform.it\/?s={search_term_string}\"},\"query-input\":{\"@type\":\"PropertyValueSpecification\",\"valueRequired\":true,\"valueName\":\"search_term_string\"}}],\"inLanguage\":\"en-US\"},{\"@type\":\"Organization\",\"@id\":\"https:\/\/conform.it\/#organization\",\"name\":\"CONFORM - Consulenza Formazione e Management S.c.a.r.l.\",\"url\":\"https:\/\/conform.it\/\",\"logo\":{\"@type\":\"ImageObject\",\"inLanguage\":\"en-US\",\"@id\":\"https:\/\/conform.it\/#\/schema\/logo\/image\/\",\"url\":\"https:\/\/conform.it\/wp-content\/uploads\/2015\/02\/logo-conform-sticky-retina.png\",\"contentUrl\":\"https:\/\/conform.it\/wp-content\/uploads\/2015\/02\/logo-conform-sticky-retina.png\",\"width\":189,\"height\":64,\"caption\":\"CONFORM - Consulenza Formazione e Management S.c.a.r.l.\"},\"image\":{\"@id\":\"https:\/\/conform.it\/#\/schema\/logo\/image\/\"}}]}<\/script>\n<!-- \/ Yoast SEO plugin. -->","yoast_head_json":{"title":"FABULA - CONFORM","robots":{"index":"index","follow":"follow","max-snippet":"max-snippet:-1","max-image-preview":"max-image-preview:large","max-video-preview":"max-video-preview:-1"},"canonical":"https:\/\/conform.it\/en\/international-projects\/fabula\/","og_locale":"en_US","og_type":"article","og_title":"FABULA - CONFORM","og_description":"[vc_row full_width=&#8221;&#8221; css=&#8221;.vc_custom_1428421429457{margin-top: 0px !important;margin-right: 0px !important;margin-bottom: 50px !important;margin-left: 0px !important;padding-top: 0px !important;padding-right: 0px !important;padding-bottom: 0px !important;padding-left: 0px !important;}&#8221; alt_color=&#8221;&#8221; alt_bg_color=&#8221;&#8221; parallax=&#8221;&#8221; full_screen=&#8221;&#8221; mask_style=&#8221;50&#8243;][vc_column width=&#8221;1\/1&#8243; css=&#8221;.vc_custom_1430155165669{margin-left: 0px !important;padding-left: 0px !important;}&#8221; alt_color=&#8221;&#8221; alt_bg_color=&#8221;&#8221;][vc_raw_js]JTNDYSUyMHN0eWxlJTNEJTIyZm9udC1zaXplJTNBMTRweCUzQiUyMiUyMGhyZWYlM0QlMjJqYXZhc2NyaXB0JTNBaGlzdG9yeS5nbyUyOC0xJTI5JTIyJTIwb25Nb3VzZU92ZXIlM0QlMjJzZWxmLnN0YXR1cyUzRGRvY3VtZW50LnJlZmVycmVyJTNCcmV0dXJuJTIwdHJ1ZSUyMiUzRSUzQ2klMjBjbGFzcyUzRCUyMmZhJTIwZmEtY2hldnJvbi1sZWZ0JTIyJTNFJTNDJTJGaSUzRSUyMEdvJTIwYmFjayUzQyUyRmElM0U= [\/vc_raw_js][\/vc_column][\/vc_row][vc_row][vc_column width=&#8221;1\/2&#8243;][vc_column_text]The\u00a0\u201cF.A.BU.L.A \u2013 Financial Business Learning Activities\u201d\u00a0project intends to engage, motivate and stimulate young people of Primary Schools in\u00a0entrepreneurship\u00a0and\u00a0financial literacy, removing the idea [&hellip;]","og_url":"https:\/\/conform.it\/en\/international-projects\/fabula\/","og_site_name":"CONFORM","article_modified_time":"2023-07-26T10:22:36+00:00","og_image":[{"width":800,"height":800,"url":"https:\/\/conform.it\/wp-content\/uploads\/2019\/12\/img-portali_fabula.jpg","type":"image\/jpeg"}],"twitter_card":"summary_large_image","twitter_misc":{"Est. reading time":"3 minutes"},"schema":{"@context":"https:\/\/schema.org","@graph":[{"@type":"WebPage","@id":"https:\/\/conform.it\/en\/international-projects\/fabula\/","url":"https:\/\/conform.it\/en\/international-projects\/fabula\/","name":"FABULA - CONFORM","isPartOf":{"@id":"https:\/\/conform.it\/#website"},"primaryImageOfPage":{"@id":"https:\/\/conform.it\/en\/international-projects\/fabula\/#primaryimage"},"image":{"@id":"https:\/\/conform.it\/en\/international-projects\/fabula\/#primaryimage"},"thumbnailUrl":"https:\/\/conform.it\/wp-content\/uploads\/2019\/12\/img-portali_fabula.jpg","datePublished":"2016-02-05T14:46:54+00:00","dateModified":"2023-07-26T10:22:36+00:00","breadcrumb":{"@id":"https:\/\/conform.it\/en\/international-projects\/fabula\/#breadcrumb"},"inLanguage":"en-US","potentialAction":[{"@type":"ReadAction","target":["https:\/\/conform.it\/en\/international-projects\/fabula\/"]}]},{"@type":"ImageObject","inLanguage":"en-US","@id":"https:\/\/conform.it\/en\/international-projects\/fabula\/#primaryimage","url":"https:\/\/conform.it\/wp-content\/uploads\/2019\/12\/img-portali_fabula.jpg","contentUrl":"https:\/\/conform.it\/wp-content\/uploads\/2019\/12\/img-portali_fabula.jpg","width":800,"height":800,"caption":"fabula"},{"@type":"BreadcrumbList","@id":"https:\/\/conform.it\/en\/international-projects\/fabula\/#breadcrumb","itemListElement":[{"@type":"ListItem","position":1,"name":"Home","item":"https:\/\/conform.it\/en\/"},{"@type":"ListItem","position":2,"name":"INTERNATIONAL PROJECTS","item":"https:\/\/conform.it\/en\/international-projects\/"},{"@type":"ListItem","position":3,"name":"FABULA"}]},{"@type":"WebSite","@id":"https:\/\/conform.it\/#website","url":"https:\/\/conform.it\/","name":"CONFORM","description":"Consulenza formazione e management S.c.a.r.l.","publisher":{"@id":"https:\/\/conform.it\/#organization"},"potentialAction":[{"@type":"SearchAction","target":{"@type":"EntryPoint","urlTemplate":"https:\/\/conform.it\/?s={search_term_string}"},"query-input":{"@type":"PropertyValueSpecification","valueRequired":true,"valueName":"search_term_string"}}],"inLanguage":"en-US"},{"@type":"Organization","@id":"https:\/\/conform.it\/#organization","name":"CONFORM - Consulenza Formazione e Management S.c.a.r.l.","url":"https:\/\/conform.it\/","logo":{"@type":"ImageObject","inLanguage":"en-US","@id":"https:\/\/conform.it\/#\/schema\/logo\/image\/","url":"https:\/\/conform.it\/wp-content\/uploads\/2015\/02\/logo-conform-sticky-retina.png","contentUrl":"https:\/\/conform.it\/wp-content\/uploads\/2015\/02\/logo-conform-sticky-retina.png","width":189,"height":64,"caption":"CONFORM - Consulenza Formazione e Management S.c.a.r.l."},"image":{"@id":"https:\/\/conform.it\/#\/schema\/logo\/image\/"}}]}},"_links":{"self":[{"href":"https:\/\/conform.it\/en\/wp-json\/wp\/v2\/pages\/10196","targetHints":{"allow":["GET"]}}],"collection":[{"href":"https:\/\/conform.it\/en\/wp-json\/wp\/v2\/pages"}],"about":[{"href":"https:\/\/conform.it\/en\/wp-json\/wp\/v2\/types\/page"}],"author":[{"embeddable":true,"href":"https:\/\/conform.it\/en\/wp-json\/wp\/v2\/users\/1"}],"replies":[{"embeddable":true,"href":"https:\/\/conform.it\/en\/wp-json\/wp\/v2\/comments?post=10196"}],"version-history":[{"count":11,"href":"https:\/\/conform.it\/en\/wp-json\/wp\/v2\/pages\/10196\/revisions"}],"predecessor-version":[{"id":26274,"href":"https:\/\/conform.it\/en\/wp-json\/wp\/v2\/pages\/10196\/revisions\/26274"}],"up":[{"embeddable":true,"href":"https:\/\/conform.it\/en\/wp-json\/wp\/v2\/pages\/26237"}],"wp:featuredmedia":[{"embeddable":true,"href":"https:\/\/conform.it\/en\/wp-json\/wp\/v2\/media\/14591"}],"wp:attachment":[{"href":"https:\/\/conform.it\/en\/wp-json\/wp\/v2\/media?parent=10196"}],"curies":[{"name":"wp","href":"https:\/\/api.w.org\/{rel}","templated":true}]}}